{"id":1286,"date":"2020-02-08T12:27:20","date_gmt":"2020-02-08T11:27:20","guid":{"rendered":"https:\/\/bluebird-music.com\/?page_id=1286"},"modified":"2024-05-31T15:26:07","modified_gmt":"2024-05-31T13:26:07","slug":"country-musik-konzerte","status":"publish","type":"page","link":"https:\/\/bluebird-music.com\/de\/country-musik-konzerte\/","title":{"rendered":"Country-Musik-Konzerte"},"content":{"rendered":"<h5>Auf dieser Seite werden nur \u00f6ffentliche Konzerte aufgelistet. Privatkonzerte sind aus Gr\u00fcnden der Vertraulichkeit nicht aufgef\u00fchrt&#8230;<\/h5>\n<h2>Country-Musik-Konzerte 2024<\/h2>\n<p>Samstag 10. August, Pal\u00e9zieux, concours hippique<\/p>\n<p>Donnerstag 1.August, Camping VD8<\/p>\n<p>Samstag 13.Juli Chancy Country Festival<\/p>\n<p>Samedi 22.Juni B\u00fcrenberg Sommerfest<\/p>\n<p>Samedi 18 .Mai 2024, Th\u00e9\u00e2tre de Javelles, 1415 D\u00e9moret,Souper-Concert<\/p>\n<h2>Country-Musik-Konzerte 2021<\/h2>\n<p>Freitag, 5. November, <a href=\"https:\/\/basebarlausanne.ch\/evenements\/\" target=\"_blank\" style=\"outline: none;\" rel=\"noopener\">Base-Bar &#8211; Abendessen\/Konzert<\/a><\/p>\n<p><span><img decoding=\"async\" alt=\"Country Music Konzerte\" data-id=\"1621\" width=\"533\" data-init-width=\"595\" height=\"753\" data-init-height=\"841\" title=\"Web soire\u0301e country\" loading=\"lazy\" src=\"https:\/\/bluebird-music.com\/wp-content\/uploads\/2021\/10\/Web-soire\u0301e-country.jpg\" data-width=\"533\" data-height=\"753\" style=\"aspect-ratio: auto 595 \/ 841;\"><\/span><\/p>\n<p>Sonntag, 26. September, Lausanne-Ouchy, 20km de Lausanne<\/p>\n<p>Donnerstag, 22. Juli, San Francisco Beach, Camping VD8, Cheseaux-Nor\u00e9az<\/p>\n<p><span><img decoding=\"async\" alt=\"Country-Musik-Konzerte VD8\" data-id=\"1572\" width=\"443\" data-init-width=\"595\" height=\"626\" data-init-height=\"841\" title=\"Affiche VD8V3\" loading=\"lazy\" src=\"https:\/\/bluebird-music.com\/wp-content\/uploads\/2021\/06\/Affiche-VD8V3.jpg\" data-width=\"443\" data-height=\"626\" style=\"aspect-ratio: auto 595 \/ 841;\"><\/span><\/p>\n<p>Samstag, 10. Juli, Mont Girod, F\u00eate des Sangliers<\/p>\n<p>Samstag, 3. Juli Live-Konzert im Hotel Park Arbon<\/p>\n<p><span><img decoding=\"async\" alt=\"Country-Musik-Konzerte country Hotel Park Arbon\" data-id=\"1575\" width=\"443\" data-init-width=\"595\" height=\"626\" data-init-height=\"841\" title=\"Plakat Hotel Park 03.07.21_2 (002)\" loading=\"lazy\" src=\"https:\/\/bluebird-music.com\/wp-content\/uploads\/2021\/06\/Plakat-Hotel-Park-03.07.21_2-002.jpg\" data-width=\"443\" data-height=\"626\" style=\"aspect-ratio: auto 595 \/ 841;\"><\/span><\/p>\n<p>Freitag, 2. Juli, Live-Konzert im <a href=\"https:\/\/l.facebook.com\/l.php?u=http%3A%2F%2Fwww.the-heaven.ch%2F%3Ffbclid%3DIwAR1rfwP2cfpmtvjsGnThSoLU_X0rLJyHJBQ1EMMB31a719R16xh9MnXz9qI&amp;h=AT2O_bLbR36jt5vnwjZhdcLyhGmc2YmNQtfSwsedNqjnuKEnM_TXuSTCjVp_aqQ9DATX4JAYhRX-h7QBED0dK-dfTQ726QYVP16UJ22fNvD8bHeEUJwBjm8URIkhIoJkn7fNsXGYkSk\" style=\"outline: none;\" target=\"_blank\" rel=\"noopener\">Heaven Music Club<\/a> Balterswil-Bichwil<\/p>\n<p>Donnerstag, 1. Juli, Lutry &#8222;Musiques sur les quais&#8220;<\/p>\n<h2>Country-Musik-Konzerte 2020<\/h2>\n<p><strong>Samstag, 7. M\u00e4rz: <\/strong>Festsaal Savi\u00e8se\/VS, 19.00 Uhr.<\/p>\n<p><strong>Samstag, 25. April:<\/strong> Belmont sur Yverdon, Grande salle du Battoir, 19.00 Uhr<a data-position=\"left\" data-toggle=\"elements\" data-tooltip=\"Add Element\" href=\"javascript%3Avoid(0)\"><\/a><\/p>\n<p style=\"\">Auf einen sp\u00e4teren Zeitpunkt verschoben <\/p>\n<p><strong>Freitag 1. Mai:<\/strong> Amriswil\/TG, Pentorama 19h00<\/p>\n<p style=\"\">Wegen COV19 gestrichen<\/p>\n<p><strong>Sonntag 31 .Mai:<\/strong> Nyon\/VD Place du Maronnier, 11h-14h<\/p>\n<p><strong>Freitag 17. Juilly:<\/strong> Chancy\/GE Country Festival, 20h-22h<\/p>\n<h2>Country-Musik-Konzerte 2019<\/h2>\n<p><strong>Jeudi 1er ao\u00fbt,<\/strong> Restaurant de la Menthue ( Camping) Yvonand d\u00e8s 18h.<\/p>\n<p>Mardi 23 Juillet Camping VD8, entre Yverdon et Yvonand<\/p>\n<p><strong>Samedi 13 Juillet<\/strong> , <a href=\"https:\/\/bluebird-music.com\/country-dans-les-paturages-mont-girod\/\" target=\"_blank\" rel=\"noopener\">Mont Girod <\/a>(JU-BE).&nbsp;<\/p>\n<p><strong>Vendredi 12 Juillet<\/strong><a href=\"https:\/\/www.festivalcountrychancy.ch\/\" target=\"_blank\" style=\"outline: currentcolor none medium;\" rel=\"noopener\">Festival de Country Music , Chancy<\/a> (GE) d\u00e8s 20h.<\/p>\n<p><span style=\"width: 100%;\"><img loading=\"lazy\" decoding=\"async\" alt=\"\" title=\"chancy2019\" data-id=\"994\" src=\"https:\/\/bluebird-music.com\/wp-content\/uploads\/2019\/06\/chancy2019.jpg\" style=\"\" width=\"2896\" height=\"1448\"><\/span><\/p>\n<p><strong>Samedi 22 Juin<\/strong>, <a href=\"https:\/\/bluebird-music.com\/festival-de-country-destiny-ecublens-2019\/\" target=\"_blank\" rel=\"noopener\">Festival Destigny Ecublens<\/a> (VD) d\u00e8s 20h.<\/p>\n<p><strong>Vendredi 21 Juin,<\/strong> Marly ( FR), <a href=\"https:\/\/bluebird-music.com\/marly-folies-21-juin-2019\/\" target=\"_blank\" rel=\"noopener\">Marly folies<\/a> d\u00e8s 19h.<\/p>\n<p><strong>27 avril 2019<\/strong>, <a href=\"https:\/\/bluebird-music.com\/chanteur-de-country-americain-a-belmont-yverdon\/\" target=\"_blank\" rel=\"noopener\">Belmont sur Yverdon<\/a> , avec David Waddel<\/p>\n<p>Voici la liste des concerts de country music 2018 de Bluebird Country Music Band.Les informations plus d\u00e9taill\u00e9es seront publi\u00e9es sur notre Blog<\/p>\n<p><strong>30 novembre 2018<\/strong>: Soir\u00e9e d&#8217;entreprise sous le th\u00e8me Country<\/p>\n<p><strong>16 novembre 2018<\/strong>: Concert de country music pour le souper de soutien du <a href=\"https:\/\/fcyvonand.ch\/evenement\/souper-de-soutien-2018\/\" target=\"_blank\" rel=\"noopener\">FC Yvonnand<\/a><\/p>\n<p>12 Octobre 2018: Musique country pour un anniversaire \u00e0 Essertine sur Rolle<\/p>\n<p><strong>28 septembre 2018<\/strong>: Concert de country music , soir\u00e9e d&#8217;entreprise au Grand Hotel &amp; Centre Thermal, Avenue des Bains 22, 1400 Yverdon-les-Bains.<\/p>\n<p><strong>11 ao\u00fbt 2018<\/strong>: Soir\u00e9e de musique country priv\u00e9e pour un anniversaire<\/p>\n<p><strong>03 ao\u00fbt 2018<\/strong>: Soir\u00e9e country music publique au <a href=\"https:\/\/www.camping-yvonand.ch\/restauration\/\" rel=\"nofollow noopener\" target=\"_blank\">camping de la Menthue<\/a> \u00e0 Yvonnand<\/p>\n<p><strong>21 Juillet 2018<\/strong> : Restaurant des Gr\u00e8ves, <a href=\"http:\/\/www.campings-ccyverdon.ch\/vd8-presentation\/\" rel=\"nofollow noopener\" target=\"_blank\">Camping VD8<\/a>, Cheseaux -Nor\u00e9az, Musique sur la plage, buvette et ambiance country<\/p>\n<\/p>\n<p><strong>13 juillet 2018<\/strong> Festival country de Chancy, <a href=\"https:\/\/bluebird-music.com\/festival-country-chancy-2018\/\" target=\"_blank\" rel=\"noopener\">Cliquez pour plus d&#8217;informations.<\/a><\/p>\n<p><span style=\"width: 100%;\"><a href=\"https:\/\/bluebird-music.com\/festival-country-chancy-2018\/\"><img loading=\"lazy\" decoding=\"async\" alt=\"Country Music Festival Chancy\" title=\"countryfestival-chancy2018\" data-id=\"566\" src=\"\/\/bluebird-music.com\/wp-content\/uploads\/2018\/05\/31655460_10214771410870745_4564572640961888256_n.jpg\" style=\"\" width=\"960\" height=\"640\"><\/a><\/span><\/p>\n<p><strong>15 juin 2018<\/strong> Concert Country, Soir\u00e9e d&#8217;entreprise<\/p>\n<p><strong>14 Juin 2018<\/strong> F\u00eate d&#8217;entreprise<\/p>\n<p><strong>26 mai 2018<\/strong> Country Nights au Caf\u00e9 des Mines d&#8220;Asphalte, Site de la Presta2105 Travers (NE)<a href=\"https:\/\/bluebird-music.com\/soiree-country-cafe-mines-dasphalte\/\">Cliquez pour plus d&#8217;informations<\/a><\/p>\n<p><strong>14 Avril 2018 <\/strong>Soir\u00e9e Country Music au Battoir, 1432 Belmont sur Yverdon. &nbsp;<\/p>\n","protected":false},"excerpt":{"rendered":"<p>Auf dieser Seite werden nur \u00f6ffentliche Konzerte aufgelistet. Privatkonzerte sind aus Gr\u00fcnden der Vertraulichkeit nicht aufgef\u00fchrt&#8230; Country-Musik-Konzerte 2024 Samstag 10. August, Pal\u00e9zieux, concours hippique Donnerstag 1.August, Camping VD8 Samstag 13.Juli Chancy Country Festival Samedi 22.Juni B\u00fcrenberg Sommerfest Samedi 18 .Mai 2024, Th\u00e9\u00e2tre de Javelles, 1415 D\u00e9moret,Souper-Concert Country-Musik-Konzerte 2021 Freitag, 5. November, Base-Bar &#8211; Abendessen\/Konzert Sonntag, [&hellip;]<\/p>\n","protected":false},"author":1,"featured_media":0,"parent":0,"menu_order":0,"comment_status":"closed","ping_status":"closed","template":"","meta":{"footnotes":""},"class_list":["post-1286","page","type-page","status-publish","hentry"],"yoast_head":"<!-- This site is optimized with the Yoast SEO plugin v27.5 - https:\/\/yoast.com\/product\/yoast-seo-wordpress\/ -->\n<title>Country-Musik-Konzerte - Bluebird Country Music Band<\/title>\n<meta name=\"description\" content=\"Hier ist unsere Liste der Country-Musik-Konzerte, bitte schauen Sie nach, wann wir live spielen.Wir freuen uns, Country-Musik-Konzert zu sehen.\" \/>\n<meta name=\"robots\" content=\"index, follow, max-snippet:-1, max-image-preview:large, max-video-preview:-1\" \/>\n<link rel=\"canonical\" href=\"https:\/\/bluebird-music.com\/de\/country-musik-konzerte\/\" \/>\n<meta property=\"og:locale\" content=\"de_DE\" \/>\n<meta property=\"og:type\" content=\"article\" \/>\n<meta property=\"og:title\" content=\"Country-Musik-Konzerte - Bluebird Country Music Band\" \/>\n<meta property=\"og:description\" content=\"Hier ist unsere Liste der Country-Musik-Konzerte, bitte schauen Sie nach, wann wir live spielen.Wir freuen uns, Country-Musik-Konzert zu sehen.\" \/>\n<meta property=\"og:url\" content=\"https:\/\/bluebird-music.com\/de\/country-musik-konzerte\/\" \/>\n<meta property=\"og:site_name\" content=\"Groupe de musique country Bluebird Country Music Band\" \/>\n<meta property=\"article:publisher\" content=\"https:\/\/www.facebook.com\/bluebirdcountrymusicband\/\" \/>\n<meta property=\"article:modified_time\" content=\"2024-05-31T13:26:07+00:00\" \/>\n<meta property=\"og:image\" content=\"https:\/\/bluebird-music.com\/wp-content\/uploads\/2021\/06\/Affiche-VD8V3.jpg\" \/>\n<meta name=\"twitter:card\" content=\"summary_large_image\" \/>\n<meta name=\"twitter:label1\" content=\"Gesch\u00e4tzte Lesezeit\" \/>\n\t<meta name=\"twitter:data1\" content=\"2\u00a0Minuten\" \/>\n<script type=\"application\/ld+json\" class=\"yoast-schema-graph\">{\"@context\":\"https:\\\/\\\/schema.org\",\"@graph\":[{\"@type\":\"WebPage\",\"@id\":\"https:\\\/\\\/bluebird-music.com\\\/de\\\/country-musik-konzerte\\\/\",\"url\":\"https:\\\/\\\/bluebird-music.com\\\/de\\\/country-musik-konzerte\\\/\",\"name\":\"Country-Musik-Konzerte - Bluebird Country Music Band\",\"isPartOf\":{\"@id\":\"https:\\\/\\\/bluebird-music.com\\\/de\\\/#website\"},\"primaryImageOfPage\":{\"@id\":\"https:\\\/\\\/bluebird-music.com\\\/de\\\/country-musik-konzerte\\\/#primaryimage\"},\"image\":{\"@id\":\"https:\\\/\\\/bluebird-music.com\\\/de\\\/country-musik-konzerte\\\/#primaryimage\"},\"thumbnailUrl\":\"https:\\\/\\\/bluebird-music.com\\\/wp-content\\\/uploads\\\/2021\\\/06\\\/Affiche-VD8V3.jpg\",\"datePublished\":\"2020-02-08T11:27:20+00:00\",\"dateModified\":\"2024-05-31T13:26:07+00:00\",\"description\":\"Hier ist unsere Liste der Country-Musik-Konzerte, bitte schauen Sie nach, wann wir live spielen.Wir freuen uns, Country-Musik-Konzert zu sehen.\",\"breadcrumb\":{\"@id\":\"https:\\\/\\\/bluebird-music.com\\\/de\\\/country-musik-konzerte\\\/#breadcrumb\"},\"inLanguage\":\"de\",\"potentialAction\":[{\"@type\":\"ReadAction\",\"target\":[\"https:\\\/\\\/bluebird-music.com\\\/de\\\/country-musik-konzerte\\\/\"]}]},{\"@type\":\"ImageObject\",\"inLanguage\":\"de\",\"@id\":\"https:\\\/\\\/bluebird-music.com\\\/de\\\/country-musik-konzerte\\\/#primaryimage\",\"url\":\"https:\\\/\\\/bluebird-music.com\\\/wp-content\\\/uploads\\\/2021\\\/06\\\/Affiche-VD8V3.jpg\",\"contentUrl\":\"https:\\\/\\\/bluebird-music.com\\\/wp-content\\\/uploads\\\/2021\\\/06\\\/Affiche-VD8V3.jpg\"},{\"@type\":\"BreadcrumbList\",\"@id\":\"https:\\\/\\\/bluebird-music.com\\\/de\\\/country-musik-konzerte\\\/#breadcrumb\",\"itemListElement\":[{\"@type\":\"ListItem\",\"position\":1,\"name\":\"Accueil\",\"item\":\"https:\\\/\\\/bluebird-music.com\\\/de\\\/\"},{\"@type\":\"ListItem\",\"position\":2,\"name\":\"Country-Musik-Konzerte\"}]},{\"@type\":\"WebSite\",\"@id\":\"https:\\\/\\\/bluebird-music.com\\\/de\\\/#website\",\"url\":\"https:\\\/\\\/bluebird-music.com\\\/de\\\/\",\"name\":\"Groupe de musique country Claudia & Bluebird Country Music Band\",\"description\":\"La musique Country pour vos \u00e9v\u00e9nements festifs\",\"publisher\":{\"@id\":\"https:\\\/\\\/bluebird-music.com\\\/de\\\/#organization\"},\"potentialAction\":[{\"@type\":\"SearchAction\",\"target\":{\"@type\":\"EntryPoint\",\"urlTemplate\":\"https:\\\/\\\/bluebird-music.com\\\/de\\\/?s={search_term_string}\"},\"query-input\":{\"@type\":\"PropertyValueSpecification\",\"valueRequired\":true,\"valueName\":\"search_term_string\"}}],\"inLanguage\":\"de\"},{\"@type\":\"Organization\",\"@id\":\"https:\\\/\\\/bluebird-music.com\\\/de\\\/#organization\",\"name\":\"Groupe de musique country Bluebird Country Music Band\",\"url\":\"https:\\\/\\\/bluebird-music.com\\\/de\\\/\",\"logo\":{\"@type\":\"ImageObject\",\"inLanguage\":\"de\",\"@id\":\"https:\\\/\\\/bluebird-music.com\\\/de\\\/#\\\/schema\\\/logo\\\/image\\\/\",\"url\":\"https:\\\/\\\/bluebird-music.com\\\/wp-content\\\/uploads\\\/2017\\\/08\\\/cropped-Bluebird_logo_web.jpg\",\"contentUrl\":\"https:\\\/\\\/bluebird-music.com\\\/wp-content\\\/uploads\\\/2017\\\/08\\\/cropped-Bluebird_logo_web.jpg\",\"width\":512,\"height\":512,\"caption\":\"Groupe de musique country Bluebird Country Music Band\"},\"image\":{\"@id\":\"https:\\\/\\\/bluebird-music.com\\\/de\\\/#\\\/schema\\\/logo\\\/image\\\/\"},\"sameAs\":[\"https:\\\/\\\/www.facebook.com\\\/bluebirdcountrymusicband\\\/\"]}]}<\/script>\n<!-- \/ Yoast SEO plugin. -->","yoast_head_json":{"title":"Country-Musik-Konzerte - Bluebird Country Music Band","description":"Hier ist unsere Liste der Country-Musik-Konzerte, bitte schauen Sie nach, wann wir live spielen.Wir freuen uns, Country-Musik-Konzert zu sehen.","robots":{"index":"index","follow":"follow","max-snippet":"max-snippet:-1","max-image-preview":"max-image-preview:large","max-video-preview":"max-video-preview:-1"},"canonical":"https:\/\/bluebird-music.com\/de\/country-musik-konzerte\/","og_locale":"de_DE","og_type":"article","og_title":"Country-Musik-Konzerte - Bluebird Country Music Band","og_description":"Hier ist unsere Liste der Country-Musik-Konzerte, bitte schauen Sie nach, wann wir live spielen.Wir freuen uns, Country-Musik-Konzert zu sehen.","og_url":"https:\/\/bluebird-music.com\/de\/country-musik-konzerte\/","og_site_name":"Groupe de musique country Bluebird Country Music Band","article_publisher":"https:\/\/www.facebook.com\/bluebirdcountrymusicband\/","article_modified_time":"2024-05-31T13:26:07+00:00","og_image":[{"url":"https:\/\/bluebird-music.com\/wp-content\/uploads\/2021\/06\/Affiche-VD8V3.jpg","type":"","width":"","height":""}],"twitter_card":"summary_large_image","twitter_misc":{"Gesch\u00e4tzte Lesezeit":"2\u00a0Minuten"},"schema":{"@context":"https:\/\/schema.org","@graph":[{"@type":"WebPage","@id":"https:\/\/bluebird-music.com\/de\/country-musik-konzerte\/","url":"https:\/\/bluebird-music.com\/de\/country-musik-konzerte\/","name":"Country-Musik-Konzerte - Bluebird Country Music Band","isPartOf":{"@id":"https:\/\/bluebird-music.com\/de\/#website"},"primaryImageOfPage":{"@id":"https:\/\/bluebird-music.com\/de\/country-musik-konzerte\/#primaryimage"},"image":{"@id":"https:\/\/bluebird-music.com\/de\/country-musik-konzerte\/#primaryimage"},"thumbnailUrl":"https:\/\/bluebird-music.com\/wp-content\/uploads\/2021\/06\/Affiche-VD8V3.jpg","datePublished":"2020-02-08T11:27:20+00:00","dateModified":"2024-05-31T13:26:07+00:00","description":"Hier ist unsere Liste der Country-Musik-Konzerte, bitte schauen Sie nach, wann wir live spielen.Wir freuen uns, Country-Musik-Konzert zu sehen.","breadcrumb":{"@id":"https:\/\/bluebird-music.com\/de\/country-musik-konzerte\/#breadcrumb"},"inLanguage":"de","potentialAction":[{"@type":"ReadAction","target":["https:\/\/bluebird-music.com\/de\/country-musik-konzerte\/"]}]},{"@type":"ImageObject","inLanguage":"de","@id":"https:\/\/bluebird-music.com\/de\/country-musik-konzerte\/#primaryimage","url":"https:\/\/bluebird-music.com\/wp-content\/uploads\/2021\/06\/Affiche-VD8V3.jpg","contentUrl":"https:\/\/bluebird-music.com\/wp-content\/uploads\/2021\/06\/Affiche-VD8V3.jpg"},{"@type":"BreadcrumbList","@id":"https:\/\/bluebird-music.com\/de\/country-musik-konzerte\/#breadcrumb","itemListElement":[{"@type":"ListItem","position":1,"name":"Accueil","item":"https:\/\/bluebird-music.com\/de\/"},{"@type":"ListItem","position":2,"name":"Country-Musik-Konzerte"}]},{"@type":"WebSite","@id":"https:\/\/bluebird-music.com\/de\/#website","url":"https:\/\/bluebird-music.com\/de\/","name":"Groupe de musique country Claudia & Bluebird Country Music Band","description":"La musique Country pour vos \u00e9v\u00e9nements festifs","publisher":{"@id":"https:\/\/bluebird-music.com\/de\/#organization"},"potentialAction":[{"@type":"SearchAction","target":{"@type":"EntryPoint","urlTemplate":"https:\/\/bluebird-music.com\/de\/?s={search_term_string}"},"query-input":{"@type":"PropertyValueSpecification","valueRequired":true,"valueName":"search_term_string"}}],"inLanguage":"de"},{"@type":"Organization","@id":"https:\/\/bluebird-music.com\/de\/#organization","name":"Groupe de musique country Bluebird Country Music Band","url":"https:\/\/bluebird-music.com\/de\/","logo":{"@type":"ImageObject","inLanguage":"de","@id":"https:\/\/bluebird-music.com\/de\/#\/schema\/logo\/image\/","url":"https:\/\/bluebird-music.com\/wp-content\/uploads\/2017\/08\/cropped-Bluebird_logo_web.jpg","contentUrl":"https:\/\/bluebird-music.com\/wp-content\/uploads\/2017\/08\/cropped-Bluebird_logo_web.jpg","width":512,"height":512,"caption":"Groupe de musique country Bluebird Country Music Band"},"image":{"@id":"https:\/\/bluebird-music.com\/de\/#\/schema\/logo\/image\/"},"sameAs":["https:\/\/www.facebook.com\/bluebirdcountrymusicband\/"]}]}},"_links":{"self":[{"href":"https:\/\/bluebird-music.com\/de\/wp-json\/wp\/v2\/pages\/1286","targetHints":{"allow":["GET"]}}],"collection":[{"href":"https:\/\/bluebird-music.com\/de\/wp-json\/wp\/v2\/pages"}],"about":[{"href":"https:\/\/bluebird-music.com\/de\/wp-json\/wp\/v2\/types\/page"}],"author":[{"embeddable":true,"href":"https:\/\/bluebird-music.com\/de\/wp-json\/wp\/v2\/users\/1"}],"replies":[{"embeddable":true,"href":"https:\/\/bluebird-music.com\/de\/wp-json\/wp\/v2\/comments?post=1286"}],"version-history":[{"count":0,"href":"https:\/\/bluebird-music.com\/de\/wp-json\/wp\/v2\/pages\/1286\/revisions"}],"wp:attachment":[{"href":"https:\/\/bluebird-music.com\/de\/wp-json\/wp\/v2\/media?parent=1286"}],"curies":[{"name":"wp","href":"https:\/\/api.w.org\/{rel}","templated":true}]}}