{"id":735,"date":"2018-08-29T22:35:12","date_gmt":"2018-08-29T20:35:12","guid":{"rendered":"https:\/\/bluebird-music.com\/?page_id=735"},"modified":"2024-02-11T10:21:56","modified_gmt":"2024-02-11T09:21:56","slug":"country-music-band","status":"publish","type":"page","link":"https:\/\/bluebird-music.com\/de\/","title":{"rendered":"Country Music Band"},"content":{"rendered":"<h1 style=\"margin-top: 70px; margin-bottom: 50px; font-size: 52px;\"><strong>Die Gruppe<\/strong><strong>\u2028Claudia &amp; Bluebird Country Music Band l\u00e4dt zur musikalischen Reise in die romantische Welt des amerikanischen Westens ein<\/strong><\/h1>\n<p style=\"margin-top: 20px; margin-bottom: 40px;\"><span style=\"font-size: 22px;\">Unsere Welt ist die Country Music mit all ihren Facetten: Country-Rock &amp; Blues, Western Swing, Americana, ein Hauch von Bluegrass und Folk, traditionelle Songs im neuen Gewand und wundersch\u00f6ne Balladen. Ihr Publikum wird begeistert sein !<\/span><\/p>\n<h2 style=\"font-size: 28px; margin-top: 60px;\"><strong>Unsere Country Music Band passt sich Ihrem Event an \u2026<\/strong>Das aktuelle Programm eignet sich f\u00fcr jeden Anlass, f\u00fcr private und \u00f6ffentliche Feste.<\/h2>\n<p style=\"text-align: center;\"><span style=\"color: rgb(255, 255, 255); font-size: 26px;\">Bluebird Country Music Band spielt an Festivals, im Freien, im Saal oder in einem Lokal.<\/span><\/p>\n<p style=\"text-align: center;\"><span style=\"color: rgb(255, 255, 255);\">Bluebird Country Music Band \u2013 das sind Claudia und 5 leidenschaftliche Musiker . Auf Anfrage kann die Band auch in akustischer oder kleinerer Formation gebucht werden.<\/span><\/p>\n<p>__CONFIG_optin__{&#8222;optin&#8220;: 0,&#8220;color&#8220;:&#8220;red&#8220;,&#8220;size&#8220;:&#8220;medium&#8220;,&#8220;text&#8220;:&#8220;Yes,Sign Me Up!&#8220;,&#8220;layout&#8220;:&#8220;horizontal&#8220;}__CONFIG_optin__<\/p>\n<h2>Letzte Nachrichten<\/h2>\n<h2 style=\"margin-top: 60px; margin-bottom: 22px;\">Die CountryMusic Band f\u00fcr Ihr gelungenes Fest<\/h2>\n<h2 data-unit=\"px\" style=\"margin-top: 60px; margin-bottom: 22px; font-size: 23px; line-height: 35px;\">Planen Sie einen Anlass , z.B. einen Firmenabend, ein Dorffest, eine Westernparty oder ein Konzert?Kontaktieren Sie uns f\u00fcr eine Offerte!<\/h2>\n<h3 style=\"margin-top: 20px !important; margin-right: 0px; margin-bottom: 0px; margin-left: 40px; border: none; padding: 0px; font-size: 27px;\">Machen Sie aus Ihrer Veranstaltung ein einmaliges Ereignis mit Bluebird Country Music Band \u2013 Stimmung garantiert \u2026<\/h3>\n<\/p>\n<h2 style=\"margin-top: 60px;\">Die Country Music Band mit dem vielseitigen Repertoire.<\/h2>\n<p>Unsere Countryband spielt Countrymusik in allen Farben &#8230; ein Programm, das zum Tanzen und Tr\u00e4umen einl\u00e4dt!<\/p>\n<p style=\"text-align: center;\">Sie organisieren ein Festival? Sie planen einen Firmenanlass? &nbsp;Einen Abenteuertag im Freien ? \u2028Ein Musikfest ? Einen Line Dance &#8211; Abend ? Ein Vereinsfest ? Fragen Sie nach einer unverbindlichen Offerte.<\/p>\n","protected":false},"excerpt":{"rendered":"<p>Die Gruppe\u2028Claudia &amp; Bluebird Country Music Band l\u00e4dt zur musikalischen Reise in die romantische Welt des amerikanischen Westens ein Unsere Welt ist die Country Music mit all ihren Facetten: Country-Rock &amp; Blues, Western Swing, Americana, ein Hauch von Bluegrass und Folk, traditionelle Songs im neuen Gewand und wundersch\u00f6ne Balladen. Ihr Publikum wird begeistert sein ! [&hellip;]<\/p>\n","protected":false},"author":1,"featured_media":0,"parent":0,"menu_order":0,"comment_status":"closed","ping_status":"closed","template":"fullwidth-page.php","meta":{"footnotes":""},"class_list":["post-735","page","type-page","status-publish","hentry"],"yoast_head":"<!-- This site is optimized with the Yoast SEO plugin v27.5 - https:\/\/yoast.com\/product\/yoast-seo-wordpress\/ -->\n<title>Country Music Band - Groupe de musique country Bluebird Country Music Band<\/title>\n<meta name=\"description\" content=\"Claudia &amp; Bluebird Country Music Band l\u00e4dt ein zur musikalischen Reise in die romantische Welt des amerikanischen Westens\" \/>\n<meta name=\"robots\" content=\"index, follow, max-snippet:-1, max-image-preview:large, max-video-preview:-1\" \/>\n<link rel=\"canonical\" href=\"https:\/\/bluebird-music.com\/de\/\" \/>\n<meta property=\"og:locale\" content=\"de_DE\" \/>\n<meta property=\"og:type\" content=\"article\" \/>\n<meta property=\"og:title\" content=\"Country Music Band - Groupe de musique country Bluebird Country Music Band\" \/>\n<meta property=\"og:description\" content=\"Claudia &amp; Bluebird Country Music Band l\u00e4dt ein zur musikalischen Reise in die romantische Welt des amerikanischen Westens\" \/>\n<meta property=\"og:url\" content=\"https:\/\/bluebird-music.com\/de\/\" \/>\n<meta property=\"og:site_name\" content=\"Groupe de musique country Bluebird Country Music Band\" \/>\n<meta property=\"article:publisher\" content=\"https:\/\/www.facebook.com\/bluebirdcountrymusicband\/\" \/>\n<meta property=\"article:modified_time\" content=\"2024-02-11T09:21:56+00:00\" \/>\n<meta name=\"twitter:card\" content=\"summary_large_image\" \/>\n<meta name=\"twitter:label1\" content=\"Gesch\u00e4tzte Lesezeit\" \/>\n\t<meta name=\"twitter:data1\" content=\"1\u00a0Minute\" \/>\n<script type=\"application\/ld+json\" class=\"yoast-schema-graph\">{\"@context\":\"https:\\\/\\\/schema.org\",\"@graph\":[{\"@type\":\"WebPage\",\"@id\":\"https:\\\/\\\/bluebird-music.com\\\/de\\\/\",\"url\":\"https:\\\/\\\/bluebird-music.com\\\/de\\\/\",\"name\":\"Country Music Band - Groupe de musique country Bluebird Country Music Band\",\"isPartOf\":{\"@id\":\"https:\\\/\\\/bluebird-music.com\\\/de\\\/#website\"},\"datePublished\":\"2018-08-29T20:35:12+00:00\",\"dateModified\":\"2024-02-11T09:21:56+00:00\",\"description\":\"Claudia & Bluebird Country Music Band l\u00e4dt ein zur musikalischen Reise in die romantische Welt des amerikanischen Westens\",\"breadcrumb\":{\"@id\":\"https:\\\/\\\/bluebird-music.com\\\/de\\\/#breadcrumb\"},\"inLanguage\":\"de\",\"potentialAction\":[{\"@type\":\"ReadAction\",\"target\":[\"https:\\\/\\\/bluebird-music.com\\\/de\\\/\"]}]},{\"@type\":\"BreadcrumbList\",\"@id\":\"https:\\\/\\\/bluebird-music.com\\\/de\\\/#breadcrumb\",\"itemListElement\":[{\"@type\":\"ListItem\",\"position\":1,\"name\":\"Accueil\",\"item\":\"https:\\\/\\\/bluebird-music.com\\\/de\\\/\"},{\"@type\":\"ListItem\",\"position\":2,\"name\":\"Country Music Band\"}]},{\"@type\":\"WebSite\",\"@id\":\"https:\\\/\\\/bluebird-music.com\\\/de\\\/#website\",\"url\":\"https:\\\/\\\/bluebird-music.com\\\/de\\\/\",\"name\":\"Groupe de musique country Claudia & Bluebird Country Music Band\",\"description\":\"La musique Country pour vos \u00e9v\u00e9nements festifs\",\"publisher\":{\"@id\":\"https:\\\/\\\/bluebird-music.com\\\/de\\\/#organization\"},\"potentialAction\":[{\"@type\":\"SearchAction\",\"target\":{\"@type\":\"EntryPoint\",\"urlTemplate\":\"https:\\\/\\\/bluebird-music.com\\\/de\\\/?s={search_term_string}\"},\"query-input\":{\"@type\":\"PropertyValueSpecification\",\"valueRequired\":true,\"valueName\":\"search_term_string\"}}],\"inLanguage\":\"de\"},{\"@type\":\"Organization\",\"@id\":\"https:\\\/\\\/bluebird-music.com\\\/de\\\/#organization\",\"name\":\"Groupe de musique country Bluebird Country Music Band\",\"url\":\"https:\\\/\\\/bluebird-music.com\\\/de\\\/\",\"logo\":{\"@type\":\"ImageObject\",\"inLanguage\":\"de\",\"@id\":\"https:\\\/\\\/bluebird-music.com\\\/de\\\/#\\\/schema\\\/logo\\\/image\\\/\",\"url\":\"https:\\\/\\\/bluebird-music.com\\\/wp-content\\\/uploads\\\/2017\\\/08\\\/cropped-Bluebird_logo_web.jpg\",\"contentUrl\":\"https:\\\/\\\/bluebird-music.com\\\/wp-content\\\/uploads\\\/2017\\\/08\\\/cropped-Bluebird_logo_web.jpg\",\"width\":512,\"height\":512,\"caption\":\"Groupe de musique country Bluebird Country Music Band\"},\"image\":{\"@id\":\"https:\\\/\\\/bluebird-music.com\\\/de\\\/#\\\/schema\\\/logo\\\/image\\\/\"},\"sameAs\":[\"https:\\\/\\\/www.facebook.com\\\/bluebirdcountrymusicband\\\/\"]}]}<\/script>\n<!-- \/ Yoast SEO plugin. -->","yoast_head_json":{"title":"Country Music Band - Groupe de musique country Bluebird Country Music Band","description":"Claudia & Bluebird Country Music Band l\u00e4dt ein zur musikalischen Reise in die romantische Welt des amerikanischen Westens","robots":{"index":"index","follow":"follow","max-snippet":"max-snippet:-1","max-image-preview":"max-image-preview:large","max-video-preview":"max-video-preview:-1"},"canonical":"https:\/\/bluebird-music.com\/de\/","og_locale":"de_DE","og_type":"article","og_title":"Country Music Band - Groupe de musique country Bluebird Country Music Band","og_description":"Claudia & Bluebird Country Music Band l\u00e4dt ein zur musikalischen Reise in die romantische Welt des amerikanischen Westens","og_url":"https:\/\/bluebird-music.com\/de\/","og_site_name":"Groupe de musique country Bluebird Country Music Band","article_publisher":"https:\/\/www.facebook.com\/bluebirdcountrymusicband\/","article_modified_time":"2024-02-11T09:21:56+00:00","twitter_card":"summary_large_image","twitter_misc":{"Gesch\u00e4tzte Lesezeit":"1\u00a0Minute"},"schema":{"@context":"https:\/\/schema.org","@graph":[{"@type":"WebPage","@id":"https:\/\/bluebird-music.com\/de\/","url":"https:\/\/bluebird-music.com\/de\/","name":"Country Music Band - Groupe de musique country Bluebird Country Music Band","isPartOf":{"@id":"https:\/\/bluebird-music.com\/de\/#website"},"datePublished":"2018-08-29T20:35:12+00:00","dateModified":"2024-02-11T09:21:56+00:00","description":"Claudia & Bluebird Country Music Band l\u00e4dt ein zur musikalischen Reise in die romantische Welt des amerikanischen Westens","breadcrumb":{"@id":"https:\/\/bluebird-music.com\/de\/#breadcrumb"},"inLanguage":"de","potentialAction":[{"@type":"ReadAction","target":["https:\/\/bluebird-music.com\/de\/"]}]},{"@type":"BreadcrumbList","@id":"https:\/\/bluebird-music.com\/de\/#breadcrumb","itemListElement":[{"@type":"ListItem","position":1,"name":"Accueil","item":"https:\/\/bluebird-music.com\/de\/"},{"@type":"ListItem","position":2,"name":"Country Music Band"}]},{"@type":"WebSite","@id":"https:\/\/bluebird-music.com\/de\/#website","url":"https:\/\/bluebird-music.com\/de\/","name":"Groupe de musique country Claudia & Bluebird Country Music Band","description":"La musique Country pour vos \u00e9v\u00e9nements festifs","publisher":{"@id":"https:\/\/bluebird-music.com\/de\/#organization"},"potentialAction":[{"@type":"SearchAction","target":{"@type":"EntryPoint","urlTemplate":"https:\/\/bluebird-music.com\/de\/?s={search_term_string}"},"query-input":{"@type":"PropertyValueSpecification","valueRequired":true,"valueName":"search_term_string"}}],"inLanguage":"de"},{"@type":"Organization","@id":"https:\/\/bluebird-music.com\/de\/#organization","name":"Groupe de musique country Bluebird Country Music Band","url":"https:\/\/bluebird-music.com\/de\/","logo":{"@type":"ImageObject","inLanguage":"de","@id":"https:\/\/bluebird-music.com\/de\/#\/schema\/logo\/image\/","url":"https:\/\/bluebird-music.com\/wp-content\/uploads\/2017\/08\/cropped-Bluebird_logo_web.jpg","contentUrl":"https:\/\/bluebird-music.com\/wp-content\/uploads\/2017\/08\/cropped-Bluebird_logo_web.jpg","width":512,"height":512,"caption":"Groupe de musique country Bluebird Country Music Band"},"image":{"@id":"https:\/\/bluebird-music.com\/de\/#\/schema\/logo\/image\/"},"sameAs":["https:\/\/www.facebook.com\/bluebirdcountrymusicband\/"]}]}},"_links":{"self":[{"href":"https:\/\/bluebird-music.com\/de\/wp-json\/wp\/v2\/pages\/735","targetHints":{"allow":["GET"]}}],"collection":[{"href":"https:\/\/bluebird-music.com\/de\/wp-json\/wp\/v2\/pages"}],"about":[{"href":"https:\/\/bluebird-music.com\/de\/wp-json\/wp\/v2\/types\/page"}],"author":[{"embeddable":true,"href":"https:\/\/bluebird-music.com\/de\/wp-json\/wp\/v2\/users\/1"}],"replies":[{"embeddable":true,"href":"https:\/\/bluebird-music.com\/de\/wp-json\/wp\/v2\/comments?post=735"}],"version-history":[{"count":0,"href":"https:\/\/bluebird-music.com\/de\/wp-json\/wp\/v2\/pages\/735\/revisions"}],"wp:attachment":[{"href":"https:\/\/bluebird-music.com\/de\/wp-json\/wp\/v2\/media?parent=735"}],"curies":[{"name":"wp","href":"https:\/\/api.w.org\/{rel}","templated":true}]}}