{"id":741,"date":"2018-08-27T21:25:49","date_gmt":"2018-08-27T19:25:49","guid":{"rendered":"https:\/\/bluebird-music.com\/?page_id=741"},"modified":"2024-05-07T17:01:32","modified_gmt":"2024-05-07T15:01:32","slug":"musiker-der-country-music-band","status":"publish","type":"page","link":"https:\/\/bluebird-music.com\/de\/musiker-der-country-music-band\/","title":{"rendered":"Musiker der Country Music Band"},"content":{"rendered":"<h2>Claudia &amp; Bluebird Country Music Band<\/h2>\n<p>Claudia Zimmermann gr\u00fcndete die Band im Fr\u00fchjahr 2008 mit dem Ziel, neue Freunde f\u00fcr den traditionellen Country Musik Stil zu begeistern. Inzwischen hat sich die Gruppe ein treues und vielseitig interessiertes Publikum erobert. Bluebird Country Music Band spielte auf vielen Konzerten, Privat- und Firmen Events und ist besonders stolz auf Auftritte an Festivals wie Country d\u2019Yv und Chancy Country Festival in der Westschweiz, und auch am Trucker Festival in Interlaken. \u2028Wo eine erste Bluebird Band vorwiegend akustische Musik wie Folk, Country und Bluegrass anbot, steht heute ein sehr dynamischer und vielseitiger Musikcocktail auf dem Programm. Die Mischung von Country-Rock, Swing, Balladen, traditionellen und \u00fcberraschend neuen Versionen bekannter Songs \u00fcberzeugt unser Publikum. Claudia\u2019s Originalsongs machen den Cocktail komplett. Es versteht sich von selbst, dass zu unserer Musik getanzt werden darf!<\/p>\n<h3 style=\"text-align: center;\">Die Band stellt sich vor:<\/h3>\n<\/p>\n<h2 style=\"font-size: 32px;\"><span style=\"font-size: 32px;\">Band-Leader, Lead vocals<\/span><\/h2>\n<h3 style=\"margin-top: 0px !important;\">Claudia Carpenter (Alias Zimmermann)<\/h3>\n<p style=\"color: rgb(244, 244, 244); margin-top: 0px !important;\">Claudia Carpenter blickt auf eine langj\u00e4hrige Karriere als Claudia Carpenter blickt auf eine langj\u00e4hrige Karriere als Countrys\u00e4ngerin mit ihrer ehemaligen Band Claudia &amp; Country Line zur\u00fcck. Ihre Ostschweizer Formation trat auf \u00fcber 800 B\u00fchnen in der Schweiz, in Deutschland und in \u00d6sterreich auf. Mehrere Alben wurden in diesen Jahren produziert, so z.B &#8222;Just Country&#8220;, \u201eCountry Line\u201c produziert von Country Schwergewicht John Brack, mit Jeff Turner, Uwe Kr\u00fcger et Joni Pettitt. Mehrere Songs dieses Albums finden sich auf verschiedenen Schweizer Country Sammelalben. Eingeladen von Comstock Records (AZ) hat Claudia in Nashville eine Single aufgenommen &#8222;I Can Tell\/Every Love Needs a Fool\u201c, die auch durch die Produktionsfirma Comstock Records in Amerika mit Erfolg vertrieben wurde. &#8220; With a Touch of Bluegrass&#8220; hiess ein mit der Gruppe Claudia &amp; Friends produziertes Weihnachtsalbum, das mit einer speziellen Konzerttournee durch die ganze Schweiz gefeiert wurde. \u2028Als Kennerin der Country Musik und der Nashville Szene, produzierte und moderierte Claudia Country Sendungen bei Radio Wil (SG), und nach ihrer Wohnsitzverlegung in die Westschweiz w\u00e4hrend f\u00fcnf Jahren bei Radio Framboise (VD). Seit dem 1. Januar 2023 moderiert Claudia nun auch auf Country Radio Switzerland (www.countryradio.ch) zwei Sendungen, jeweils am Freitag Abend.\u2028Claudias hat zudem ein Album zusammen mit dem Singer-Songwriter David Waddell (TX, USA) produziert. Aus langen Gespr\u00e4chen sind 11 authentische auf Claudias mitreissende und volle Stimme zugeschnittene Orginalsongs entstanden. Im Jahr 2024 feiert Country Lady Claudia 40 Jahre B\u00fchnenpr\u00e4senz mit neuen Songs aus der Feder von Andr\u00e8s Balhorn, in dessen Studio POWERVOICE die Aufnahmen im vergangenen Jahr stattfanden .<\/p>\n<p><span><img decoding=\"async\" alt=\"Musiker des Bluebird Country Music Band\" style=\"aspect-ratio: auto 1600 \/ 1600;\" src=\"https:\/\/bluebird-music.com\/wp-content\/uploads\/2024\/05\/Claudia-Carpenter.jpeg\" data-attachment-id=\"89\" title=\"Claudia Carpenter\" data-id=\"2095\" data-width=\"531\" data-height=\"531\" data-init-width=\"1600\" data-init-height=\"1600\" width=\"531\" height=\"531\" loading=\"lazy\"><\/span><span><a href=\"https:\/\/powervoice.de\/saengerausbildung\/\" target=\"_blank\" rel=\"noopener\"><img decoding=\"async\" alt=\"\" data-id=\"1764\" data-init-width=\"5077\" data-init-height=\"3543\" title=\"logopowervoice_siegel_singer\" loading=\"lazy\" src=\"https:\/\/bluebird-music.com\/wp-content\/uploads\/2022\/11\/logopowervoice_siegel_singer.png\" data-width=\"367\" data-height=\"256\" style=\"aspect-ratio: auto 5077 \/ 3543;\" data-link-wrap=\"true\" width=\"367\" height=\"256\"><\/a><\/span><\/p>\n<h2><span style=\"font-size: 32px;\">Hier kommt der Sound!<\/span><\/h2>\n<h3>Lead guitars, acoustic guitars<\/h3>\n<p><span style=\"width: 100%;\"><img loading=\"lazy\" decoding=\"async\" alt=\"orchewstre de musique contry suisse\" style=\"\" src=\"\/\/bluebird-music.com\/wp-content\/uploads\/2017\/08\/phill.jpeg\" data-attachment-id=\"100\" title=\"phill\" data-id=\"100\" width=\"200\" height=\"300\"><\/span><\/p>\n<h3>Phil<\/h3>\n<p>Urspr\u00fcnglich als Rhythmus Gitarrist zu Bluebird Country Music Band gestossen, spielt Phil heute vorwiegend Lead Gitarre. Seit 2011 treuer Musiker in der Gruppe, wo er mit seinen einmaligen Soli viel Applaus verdient. Immer wenn\u2019s rockig wird, lebt Phil seine Leidenschaft auf seinen Saiten aus und reisst das Publikum mit.<\/p>\n<h3>Pedal Steel Guitar, guitars, vocals<\/h3>\n<p><span style=\"width: 100%;\"><img loading=\"lazy\" decoding=\"async\" alt=\"orchestre de musique country suisse\" style=\"\" src=\"\/\/bluebird-music.com\/wp-content\/uploads\/2017\/08\/terry.jpg\" data-attachment-id=\"102\" title=\"terry\" data-id=\"102\" width=\"666\" height=\"628\"><\/span><\/p>\n<h3>Terry Nelson<\/h3>\n<p>Terry Nelson (UK) ist ein langj\u00e4hriger und sehr professioneller Musiker. Er spielte schon mit Albert Lee und anderen Gr\u00f6ssen der Musikszene in England. F\u00fcr Bluebird Country Music Band hat Terry seine alte Leidenschaft zur Pedal Steel Gitarre wiederentdeckt und zaubert mit seinen Melodien vielf\u00e4ltige Farben in unsere Songs. Wenn Terry seine Gitarre bei traditionellen Songs aus den 70er Jahren einsetzt, f\u00fchlt sich das Publikum zur\u00fcckversetzt in die glorreichen Tage der Shadows, Birds und der Everly Brothers. Schliesslich erg\u00e4nzt seine Stimme wirkungsvoll das bunte Programm der Band.<\/p>\n<h3>Violine, Mandocaster<\/h3>\n<p><span style=\"width: 100%;\"><img loading=\"lazy\" decoding=\"async\" alt=\"\" style=\"\" src=\"\/\/bluebird-music.com\/wp-content\/uploads\/2017\/08\/jackB.jpg\" data-attachment-id=\"104\" title=\"jackB\" data-id=\"358\" width=\"720\" height=\"960\"><\/span><\/p>\n<h3>Jack B.<\/h3>\n<p>Jack, Stammgast-Musiker in unserer Band. Sein virtuoses Geigenspiel vervollst\u00e4ndigt unseren Country Mix auf ganz besondere Art. Echte Country Musik vom Feinsten \u2013 das ist die Reaktion der Zuh\u00f6rer wenn er aufspielt. Begleitung oder Solo, Jacks Interpretationen bleiben spannend und unerwartet.<\/p>\n<h2 style=\"color: rgb(244, 244, 244);\">I\u2019ve got rhythm\u2026<\/h2>\n<p><span><img decoding=\"async\" alt=\"Bluebird Country Music Band\" style=\"aspect-ratio: auto 640 \/ 960;\" src=\"https:\/\/bluebird-music.com\/wp-content\/uploads\/2017\/08\/David.jpg\" data-attachment-id=\"107\" title=\"David\" data-id=\"659\" data-width=\"259\" data-height=\"388\" data-init-width=\"640\" data-init-height=\"960\" loading=\"lazy\" width=\"259\" height=\"388\"><\/span><\/p>\n<h3 style=\"color: rgb(244, 244, 244);\"><span style=\"color: rgb(246, 61, 61);\">David Meister<\/span>, Bass, vocals<\/h3>\n<p style=\"color: rgb(244, 244, 244);\">David ist Multiinstrumentalist (Bass, Klavier, Rhythmusgitarre) und S\u00e4nger. Als Bassist hat er in zahlreichen Formationen verschiedener Stilrichtungen gespielt, von Jazz bis Reggae, von Blues bis Pop, Country und Rock. Seit einigen Jahren ist er sehr aktiv auf <a href=\"https:\/\/www.youtube.com\/@davidmeister_ch\" target=\"_blank\" rel=\"noopener\">YouTube<\/a>, wo er Songs, Coversongs und Tutorials verbreitet.Da er mit Country-Musik aufgewachsen ist, die st\u00e4ndig im Radio gespielt wurde, liegt ihm diese Musik sehr am Herzen. Er hat bereits zwischen 2014 und 2019 f\u00fcr Bluebird gespielt und tritt der Band im November 2023 mit gro\u00dfer Begeisterung erneut bei. Er \u00fcbernimmt auch die musikalische Leitung.<\/p>\n<p><span style=\"\"><img decoding=\"async\" alt=\"Bluebird Country Music Band\" style=\"aspect-ratio: auto 1600 \/ 1066;\" src=\"https:\/\/bluebird-music.com\/wp-content\/uploads\/2023\/12\/Alex3.jpg\" data-attachment-id=\"109\" title=\"Alex Sifringer\" data-id=\"1825\" data-width=\"520\" data-height=\"347\" data-init-width=\"1600\" data-init-height=\"1066\" loading=\"lazy\" ml-d=\"-38\" center-h-d=\"false\" mt-d=\"0\" center-v-d=\"false\" width=\"520\" height=\"347\"><\/span><\/p>\n<h3 style=\"color: rgb(244, 244, 244);\"><span style=\"color: rgb(246, 61, 61);\">Alex Sifringer,&nbsp;<\/span>Schlagzeug<\/h3>\n<p style=\"color: rgb(244, 244, 244);\">Schon in jungen Jahren setzte sich Alex hinter das Instrument, das sp\u00e4ter zu seinem Lieblingsobjekt werden sollte. Beg\u00fcnstigt durch ein k\u00fcnstlerisches Familienumfeld (insbesondere durch seinen Vater, der damals Claudias Schlagzeuger war), interessierte er sich f\u00fcr viele Musikstile wie Reggae, Country Music, Folk, Rock und Metal.Anschlie\u00dfend bildete er sich an einer Musikschule in London weiter, wo er von renommierten Pers\u00f6nlichkeiten wie Yolanda Charles (BB King, Robbie Williams, Hans Zimmer) und Simon Carter (Jamiroquai) gecoacht wurde.Nach seiner R\u00fcckkehr in die Schweiz und mit vielf\u00e4ltigen und bereichernden Erfahrungen im Gep\u00e4ck widmete er den Gro\u00dfteil seiner Zeit der Musik und dem Unterricht an der Musikschule <a href=\"https:\/\/www.artistfactory.ch\/cours\/prof_detail.php?p=alex_sifringer\" target=\"_blank\" rel=\"noopener\">Artistsfactory<\/a>. Er spielte f\u00fcr zahlreiche K\u00fcnstler und Projekte, darunter Elea Gouzien (K\u00fcdeta), Alessio Martin, Chains of Daisy, les Bables und andere.2018 gewann er seinen Platz in der ersten Ausgabe der <a href=\"https:\/\/lagustav.ch\/de\/home\/\" target=\"_blank\" style=\"outline: none;\" rel=\"noopener\">Gustav Academy<\/a> (jetzt LaGustav), die es ihm erm\u00f6glichte, andere Musiker aus der Region zu treffen sowie im ber\u00fchmten Studio der Beatles aufzunehmen; Abbey Road Studios. Er schloss sich auch der <a href=\"https:\/\/www.youtube.com\/@KalaOfficielVideo\" target=\"_blank\" rel=\"noopener\">Gruppe Kala<\/a> f\u00fcr ihre EP &#8222;A Contre Courant&#8220; an, mit der er im Vorprogramm der ber\u00fchmten Gruppe IAM spielen durfte. Er wurde auch Schlagzeuger &#8222;des Hauses&#8220; f\u00fcr die Singers&#8216; Jam in der Duke&#8217;s Bar in Lausanne f\u00fcr einige Jahre und &#8222;The Country Expression&#8220;, die Rock\/Blues\/Funk\/Country-Coversongs anbietet.Derzeit ist er auch Mitglied von Formationen, die sich mit verschiedenen Musikstilen auseinandersetzen: &#8222;Peek trio&#8220;, das Fusion-Kompositionen anbietet, und &#8222;Tetch&#8220;, das energetischen Metal macht.<\/p>\n","protected":false},"excerpt":{"rendered":"<p>Claudia &amp; Bluebird Country Music Band Claudia Zimmermann gr\u00fcndete die Band im Fr\u00fchjahr 2008 mit dem Ziel, neue Freunde f\u00fcr den traditionellen Country Musik Stil zu begeistern. Inzwischen hat sich die Gruppe ein treues und vielseitig interessiertes Publikum erobert. Bluebird Country Music Band spielte auf vielen Konzerten, Privat- und Firmen Events und ist besonders stolz [&hellip;]<\/p>\n","protected":false},"author":1,"featured_media":0,"parent":0,"menu_order":0,"comment_status":"closed","ping_status":"closed","template":"","meta":{"footnotes":""},"class_list":["post-741","page","type-page","status-publish","hentry"],"yoast_head":"<!-- This site is optimized with the Yoast SEO plugin v27.4 - https:\/\/yoast.com\/product\/yoast-seo-wordpress\/ -->\n<title>Musiker der Country Music Band -<\/title>\n<meta name=\"description\" content=\"Claudia &amp; Bluebird Country Music Band, Die Band stellt sich vor\" \/>\n<meta name=\"robots\" content=\"index, follow, max-snippet:-1, max-image-preview:large, max-video-preview:-1\" \/>\n<link rel=\"canonical\" href=\"https:\/\/bluebird-music.com\/de\/musiker-der-country-music-band\/\" \/>\n<meta property=\"og:locale\" content=\"de_DE\" \/>\n<meta property=\"og:type\" content=\"article\" \/>\n<meta property=\"og:title\" content=\"Musiker der Country Music Band -\" \/>\n<meta property=\"og:description\" content=\"Claudia &amp; Bluebird Country Music Band, Die Band stellt sich vor\" \/>\n<meta property=\"og:url\" content=\"https:\/\/bluebird-music.com\/de\/musiker-der-country-music-band\/\" \/>\n<meta property=\"og:site_name\" content=\"Groupe de musique country Bluebird Country Music Band\" \/>\n<meta property=\"article:publisher\" content=\"https:\/\/www.facebook.com\/bluebirdcountrymusicband\/\" \/>\n<meta property=\"article:modified_time\" content=\"2024-05-07T15:01:32+00:00\" \/>\n<meta property=\"og:image\" content=\"https:\/\/bluebird-music.com\/wp-content\/uploads\/2017\/08\/Bluebird_logo_web.jpg\" \/>\n<meta name=\"twitter:card\" content=\"summary_large_image\" \/>\n<meta name=\"twitter:label1\" content=\"Gesch\u00e4tzte Lesezeit\" \/>\n\t<meta name=\"twitter:data1\" content=\"7\u00a0Minuten\" \/>\n<script type=\"application\/ld+json\" class=\"yoast-schema-graph\">{\"@context\":\"https:\\\/\\\/schema.org\",\"@graph\":[{\"@type\":\"WebPage\",\"@id\":\"https:\\\/\\\/bluebird-music.com\\\/de\\\/musiker-der-country-music-band\\\/\",\"url\":\"https:\\\/\\\/bluebird-music.com\\\/de\\\/musiker-der-country-music-band\\\/\",\"name\":\"Musiker der Country Music Band -\",\"isPartOf\":{\"@id\":\"https:\\\/\\\/bluebird-music.com\\\/de\\\/#website\"},\"primaryImageOfPage\":{\"@id\":\"https:\\\/\\\/bluebird-music.com\\\/de\\\/musiker-der-country-music-band\\\/#primaryimage\"},\"image\":{\"@id\":\"https:\\\/\\\/bluebird-music.com\\\/de\\\/musiker-der-country-music-band\\\/#primaryimage\"},\"thumbnailUrl\":\"https:\\\/\\\/bluebird-music.com\\\/wp-content\\\/uploads\\\/2024\\\/05\\\/Claudia-Carpenter.jpeg\",\"datePublished\":\"2018-08-27T19:25:49+00:00\",\"dateModified\":\"2024-05-07T15:01:32+00:00\",\"description\":\"Claudia & Bluebird Country Music Band, Die Band stellt sich vor\",\"breadcrumb\":{\"@id\":\"https:\\\/\\\/bluebird-music.com\\\/de\\\/musiker-der-country-music-band\\\/#breadcrumb\"},\"inLanguage\":\"de\",\"potentialAction\":[{\"@type\":\"ReadAction\",\"target\":[\"https:\\\/\\\/bluebird-music.com\\\/de\\\/musiker-der-country-music-band\\\/\"]}]},{\"@type\":\"ImageObject\",\"inLanguage\":\"de\",\"@id\":\"https:\\\/\\\/bluebird-music.com\\\/de\\\/musiker-der-country-music-band\\\/#primaryimage\",\"url\":\"https:\\\/\\\/bluebird-music.com\\\/wp-content\\\/uploads\\\/2024\\\/05\\\/Claudia-Carpenter.jpeg\",\"contentUrl\":\"https:\\\/\\\/bluebird-music.com\\\/wp-content\\\/uploads\\\/2024\\\/05\\\/Claudia-Carpenter.jpeg\"},{\"@type\":\"BreadcrumbList\",\"@id\":\"https:\\\/\\\/bluebird-music.com\\\/de\\\/musiker-der-country-music-band\\\/#breadcrumb\",\"itemListElement\":[{\"@type\":\"ListItem\",\"position\":1,\"name\":\"Accueil\",\"item\":\"https:\\\/\\\/bluebird-music.com\\\/de\\\/\"},{\"@type\":\"ListItem\",\"position\":2,\"name\":\"Musiker der Country Music Band\"}]},{\"@type\":\"WebSite\",\"@id\":\"https:\\\/\\\/bluebird-music.com\\\/de\\\/#website\",\"url\":\"https:\\\/\\\/bluebird-music.com\\\/de\\\/\",\"name\":\"Groupe de musique country Claudia & Bluebird Country Music Band\",\"description\":\"La musique Country pour vos \u00e9v\u00e9nements festifs\",\"publisher\":{\"@id\":\"https:\\\/\\\/bluebird-music.com\\\/de\\\/#organization\"},\"potentialAction\":[{\"@type\":\"SearchAction\",\"target\":{\"@type\":\"EntryPoint\",\"urlTemplate\":\"https:\\\/\\\/bluebird-music.com\\\/de\\\/?s={search_term_string}\"},\"query-input\":{\"@type\":\"PropertyValueSpecification\",\"valueRequired\":true,\"valueName\":\"search_term_string\"}}],\"inLanguage\":\"de\"},{\"@type\":\"Organization\",\"@id\":\"https:\\\/\\\/bluebird-music.com\\\/de\\\/#organization\",\"name\":\"Groupe de musique country Bluebird Country Music Band\",\"url\":\"https:\\\/\\\/bluebird-music.com\\\/de\\\/\",\"logo\":{\"@type\":\"ImageObject\",\"inLanguage\":\"de\",\"@id\":\"https:\\\/\\\/bluebird-music.com\\\/de\\\/#\\\/schema\\\/logo\\\/image\\\/\",\"url\":\"https:\\\/\\\/bluebird-music.com\\\/wp-content\\\/uploads\\\/2017\\\/08\\\/cropped-Bluebird_logo_web.jpg\",\"contentUrl\":\"https:\\\/\\\/bluebird-music.com\\\/wp-content\\\/uploads\\\/2017\\\/08\\\/cropped-Bluebird_logo_web.jpg\",\"width\":512,\"height\":512,\"caption\":\"Groupe de musique country Bluebird Country Music Band\"},\"image\":{\"@id\":\"https:\\\/\\\/bluebird-music.com\\\/de\\\/#\\\/schema\\\/logo\\\/image\\\/\"},\"sameAs\":[\"https:\\\/\\\/www.facebook.com\\\/bluebirdcountrymusicband\\\/\"]}]}<\/script>\n<!-- \/ Yoast SEO plugin. -->","yoast_head_json":{"title":"Musiker der Country Music Band -","description":"Claudia & Bluebird Country Music Band, Die Band stellt sich vor","robots":{"index":"index","follow":"follow","max-snippet":"max-snippet:-1","max-image-preview":"max-image-preview:large","max-video-preview":"max-video-preview:-1"},"canonical":"https:\/\/bluebird-music.com\/de\/musiker-der-country-music-band\/","og_locale":"de_DE","og_type":"article","og_title":"Musiker der Country Music Band -","og_description":"Claudia & Bluebird Country Music Band, Die Band stellt sich vor","og_url":"https:\/\/bluebird-music.com\/de\/musiker-der-country-music-band\/","og_site_name":"Groupe de musique country Bluebird Country Music Band","article_publisher":"https:\/\/www.facebook.com\/bluebirdcountrymusicband\/","article_modified_time":"2024-05-07T15:01:32+00:00","og_image":[{"url":"https:\/\/bluebird-music.com\/wp-content\/uploads\/2017\/08\/Bluebird_logo_web.jpg","type":"","width":"","height":""}],"twitter_card":"summary_large_image","twitter_misc":{"Gesch\u00e4tzte Lesezeit":"7\u00a0Minuten"},"schema":{"@context":"https:\/\/schema.org","@graph":[{"@type":"WebPage","@id":"https:\/\/bluebird-music.com\/de\/musiker-der-country-music-band\/","url":"https:\/\/bluebird-music.com\/de\/musiker-der-country-music-band\/","name":"Musiker der Country Music Band -","isPartOf":{"@id":"https:\/\/bluebird-music.com\/de\/#website"},"primaryImageOfPage":{"@id":"https:\/\/bluebird-music.com\/de\/musiker-der-country-music-band\/#primaryimage"},"image":{"@id":"https:\/\/bluebird-music.com\/de\/musiker-der-country-music-band\/#primaryimage"},"thumbnailUrl":"https:\/\/bluebird-music.com\/wp-content\/uploads\/2024\/05\/Claudia-Carpenter.jpeg","datePublished":"2018-08-27T19:25:49+00:00","dateModified":"2024-05-07T15:01:32+00:00","description":"Claudia & Bluebird Country Music Band, Die Band stellt sich vor","breadcrumb":{"@id":"https:\/\/bluebird-music.com\/de\/musiker-der-country-music-band\/#breadcrumb"},"inLanguage":"de","potentialAction":[{"@type":"ReadAction","target":["https:\/\/bluebird-music.com\/de\/musiker-der-country-music-band\/"]}]},{"@type":"ImageObject","inLanguage":"de","@id":"https:\/\/bluebird-music.com\/de\/musiker-der-country-music-band\/#primaryimage","url":"https:\/\/bluebird-music.com\/wp-content\/uploads\/2024\/05\/Claudia-Carpenter.jpeg","contentUrl":"https:\/\/bluebird-music.com\/wp-content\/uploads\/2024\/05\/Claudia-Carpenter.jpeg"},{"@type":"BreadcrumbList","@id":"https:\/\/bluebird-music.com\/de\/musiker-der-country-music-band\/#breadcrumb","itemListElement":[{"@type":"ListItem","position":1,"name":"Accueil","item":"https:\/\/bluebird-music.com\/de\/"},{"@type":"ListItem","position":2,"name":"Musiker der Country Music Band"}]},{"@type":"WebSite","@id":"https:\/\/bluebird-music.com\/de\/#website","url":"https:\/\/bluebird-music.com\/de\/","name":"Groupe de musique country Claudia & Bluebird Country Music Band","description":"La musique Country pour vos \u00e9v\u00e9nements festifs","publisher":{"@id":"https:\/\/bluebird-music.com\/de\/#organization"},"potentialAction":[{"@type":"SearchAction","target":{"@type":"EntryPoint","urlTemplate":"https:\/\/bluebird-music.com\/de\/?s={search_term_string}"},"query-input":{"@type":"PropertyValueSpecification","valueRequired":true,"valueName":"search_term_string"}}],"inLanguage":"de"},{"@type":"Organization","@id":"https:\/\/bluebird-music.com\/de\/#organization","name":"Groupe de musique country Bluebird Country Music Band","url":"https:\/\/bluebird-music.com\/de\/","logo":{"@type":"ImageObject","inLanguage":"de","@id":"https:\/\/bluebird-music.com\/de\/#\/schema\/logo\/image\/","url":"https:\/\/bluebird-music.com\/wp-content\/uploads\/2017\/08\/cropped-Bluebird_logo_web.jpg","contentUrl":"https:\/\/bluebird-music.com\/wp-content\/uploads\/2017\/08\/cropped-Bluebird_logo_web.jpg","width":512,"height":512,"caption":"Groupe de musique country Bluebird Country Music Band"},"image":{"@id":"https:\/\/bluebird-music.com\/de\/#\/schema\/logo\/image\/"},"sameAs":["https:\/\/www.facebook.com\/bluebirdcountrymusicband\/"]}]}},"_links":{"self":[{"href":"https:\/\/bluebird-music.com\/de\/wp-json\/wp\/v2\/pages\/741","targetHints":{"allow":["GET"]}}],"collection":[{"href":"https:\/\/bluebird-music.com\/de\/wp-json\/wp\/v2\/pages"}],"about":[{"href":"https:\/\/bluebird-music.com\/de\/wp-json\/wp\/v2\/types\/page"}],"author":[{"embeddable":true,"href":"https:\/\/bluebird-music.com\/de\/wp-json\/wp\/v2\/users\/1"}],"replies":[{"embeddable":true,"href":"https:\/\/bluebird-music.com\/de\/wp-json\/wp\/v2\/comments?post=741"}],"version-history":[{"count":0,"href":"https:\/\/bluebird-music.com\/de\/wp-json\/wp\/v2\/pages\/741\/revisions"}],"wp:attachment":[{"href":"https:\/\/bluebird-music.com\/de\/wp-json\/wp\/v2\/media?parent=741"}],"curies":[{"name":"wp","href":"https:\/\/api.w.org\/{rel}","templated":true}]}}