{"id":766,"date":"2018-08-27T21:17:49","date_gmt":"2018-08-27T19:17:49","guid":{"rendered":"https:\/\/bluebird-music.com\/?page_id=766"},"modified":"2021-04-17T11:02:58","modified_gmt":"2021-04-17T09:02:58","slug":"musik-von-claudia-und-bluebird-country-music-band","status":"publish","type":"page","link":"https:\/\/bluebird-music.com\/de\/musik-von-claudia-und-bluebird-country-music-band\/","title":{"rendered":"Musik von Claudia und Bluebird Country Music Band"},"content":{"rendered":"<h2>Claudia &amp; Bluebird Country Music Band | Hier reinh\u00f6ren<\/h2>\n<p>Claudia Zimmermann ist seit 1984 aktiv als Countrys\u00e4ngerin auf Schweizer B\u00fchnen unterwegs. Hier finden Sie Ausschnitte aus Claudias verschiedenen Alben sowie Demo-Aufnahmen Ihrer aktuellen Gruppe Claudia &amp; Bluebird Country Music Band.<\/p>\n<h2>H\u00f6rproben aus Claudias neuester CD, Truly Country<\/h2>\n<h4>Holliday Romeo<\/h4>\n<h4>Last Minute Lucy<\/h4>\n<h3 style=\"\"><strong>hier k\u00f6nnen Sie meine neue CD bestellen!<\/strong><\/h3>\n<p><span style=\"\"><img decoding=\"async\" alt=\"\" data-id=\"1537\" width=\"377\" data-init-width=\"2560\" height=\"339\" data-init-height=\"2301\" title=\"\" src=\"https:\/\/bluebird-music.com\/wp-content\/uploads\/2021\/04\/06-Claudia-C-Zimmermann-Holiday-Romeo-Normalize-44-1-kHz-_192-kbps-mp3-image-scaled.jpg\" data-width=\"377\" data-height=\"339\" ml-d=\"0\" style=\"\" mt-d=\"0\" mt-m=\"0\" ml-m=\"-1.0929999999999893\" ml-t=\"0\" mt-t=\"0\" loading=\"lazy\"><\/span><\/p>\n<p>Ein sch\u00f6nes Objekt f\u00fcr zu Hause, Lieder Ihrer Wahl oder die ganze CD zum Download<\/p>\n<h2>CD Demo Bluebird Country Music Band<\/h2>\n<h4>Somewhere Tonight \u2013 Bluebird Country Music Band<\/h4>\n<h4>Call me The Breeze \u2013 Bluebird Country Music Band<\/h4>\n<h4>Home -Bluebird Country Music Band<\/h4>\n<h4>It Ain\u2019t Love- Bluebird Country Music Band<\/h4>\n<h4>Every Little Thing \u2013 Bluebird Country Music Band<\/h4>\n<h4>Claudia &amp; Country Line, Wheels \u2013 extrait de son disque LP<\/h4>\n<h4>Wayfaring Stranger \u2013 extrait album audio<\/h4>\n","protected":false},"excerpt":{"rendered":"<p>Claudia &amp; Bluebird Country Music Band | Hier reinh\u00f6ren Claudia Zimmermann ist seit 1984 aktiv als Countrys\u00e4ngerin auf Schweizer B\u00fchnen unterwegs. Hier finden Sie Ausschnitte aus Claudias verschiedenen Alben sowie Demo-Aufnahmen Ihrer aktuellen Gruppe Claudia &amp; Bluebird Country Music Band. H\u00f6rproben aus Claudias neuester CD, Truly Country Holliday Romeo Last Minute Lucy hier k\u00f6nnen Sie [&hellip;]<\/p>\n","protected":false},"author":1,"featured_media":0,"parent":0,"menu_order":0,"comment_status":"closed","ping_status":"closed","template":"","meta":{"footnotes":""},"class_list":["post-766","page","type-page","status-publish","hentry"],"yoast_head":"<!-- This site is optimized with the Yoast SEO plugin v27.5 - https:\/\/yoast.com\/product\/yoast-seo-wordpress\/ -->\n<title>Musik von Claudia und Bluebird Country Music Band - Groupe de musique country Bluebird Country Music Band<\/title>\n<meta name=\"description\" content=\"Claudia Zimmermann ist seit 1984 aktiv als Countrys\u00e4ngerin auf Schweizer B\u00fchnen unterwegs. Hier finden Sie Ausschnitte aus Claudias und Bluebird Country Music Band\" \/>\n<meta name=\"robots\" content=\"index, follow, max-snippet:-1, max-image-preview:large, max-video-preview:-1\" \/>\n<link rel=\"canonical\" href=\"https:\/\/bluebird-music.com\/de\/musik-von-claudia-und-bluebird-country-music-band\/\" \/>\n<meta property=\"og:locale\" content=\"de_DE\" \/>\n<meta property=\"og:type\" content=\"article\" \/>\n<meta property=\"og:title\" content=\"Musik von Claudia und Bluebird Country Music Band - Groupe de musique country Bluebird Country Music Band\" \/>\n<meta property=\"og:description\" content=\"Claudia Zimmermann ist seit 1984 aktiv als Countrys\u00e4ngerin auf Schweizer B\u00fchnen unterwegs. Hier finden Sie Ausschnitte aus Claudias und Bluebird Country Music Band\" \/>\n<meta property=\"og:url\" content=\"https:\/\/bluebird-music.com\/de\/musik-von-claudia-und-bluebird-country-music-band\/\" \/>\n<meta property=\"og:site_name\" content=\"Groupe de musique country Bluebird Country Music Band\" \/>\n<meta property=\"article:publisher\" content=\"https:\/\/www.facebook.com\/bluebirdcountrymusicband\/\" \/>\n<meta property=\"article:modified_time\" content=\"2021-04-17T09:02:58+00:00\" \/>\n<meta property=\"og:image\" content=\"https:\/\/bluebird-music.com\/wp-content\/uploads\/2021\/04\/06-Claudia-C-Zimmermann-Holiday-Romeo-Normalize-44-1-kHz-_192-kbps-mp3-image-scaled.jpg\" \/>\n<meta name=\"twitter:card\" content=\"summary_large_image\" \/>\n<meta name=\"twitter:label1\" content=\"Gesch\u00e4tzte Lesezeit\" \/>\n\t<meta name=\"twitter:data1\" content=\"1\u00a0Minute\" \/>\n<script type=\"application\/ld+json\" class=\"yoast-schema-graph\">{\"@context\":\"https:\\\/\\\/schema.org\",\"@graph\":[{\"@type\":\"WebPage\",\"@id\":\"https:\\\/\\\/bluebird-music.com\\\/de\\\/musik-von-claudia-und-bluebird-country-music-band\\\/\",\"url\":\"https:\\\/\\\/bluebird-music.com\\\/de\\\/musik-von-claudia-und-bluebird-country-music-band\\\/\",\"name\":\"Musik von Claudia und Bluebird Country Music Band - Groupe de musique country Bluebird Country Music Band\",\"isPartOf\":{\"@id\":\"https:\\\/\\\/bluebird-music.com\\\/de\\\/#website\"},\"primaryImageOfPage\":{\"@id\":\"https:\\\/\\\/bluebird-music.com\\\/de\\\/musik-von-claudia-und-bluebird-country-music-band\\\/#primaryimage\"},\"image\":{\"@id\":\"https:\\\/\\\/bluebird-music.com\\\/de\\\/musik-von-claudia-und-bluebird-country-music-band\\\/#primaryimage\"},\"thumbnailUrl\":\"https:\\\/\\\/bluebird-music.com\\\/wp-content\\\/uploads\\\/2021\\\/04\\\/06-Claudia-C-Zimmermann-Holiday-Romeo-Normalize-44-1-kHz-_192-kbps-mp3-image-scaled.jpg\",\"datePublished\":\"2018-08-27T19:17:49+00:00\",\"dateModified\":\"2021-04-17T09:02:58+00:00\",\"description\":\"Claudia Zimmermann ist seit 1984 aktiv als Countrys\u00e4ngerin auf Schweizer B\u00fchnen unterwegs. Hier finden Sie Ausschnitte aus Claudias und Bluebird Country Music Band\",\"breadcrumb\":{\"@id\":\"https:\\\/\\\/bluebird-music.com\\\/de\\\/musik-von-claudia-und-bluebird-country-music-band\\\/#breadcrumb\"},\"inLanguage\":\"de\",\"potentialAction\":[{\"@type\":\"ReadAction\",\"target\":[\"https:\\\/\\\/bluebird-music.com\\\/de\\\/musik-von-claudia-und-bluebird-country-music-band\\\/\"]}]},{\"@type\":\"ImageObject\",\"inLanguage\":\"de\",\"@id\":\"https:\\\/\\\/bluebird-music.com\\\/de\\\/musik-von-claudia-und-bluebird-country-music-band\\\/#primaryimage\",\"url\":\"https:\\\/\\\/bluebird-music.com\\\/wp-content\\\/uploads\\\/2021\\\/04\\\/06-Claudia-C-Zimmermann-Holiday-Romeo-Normalize-44-1-kHz-_192-kbps-mp3-image-scaled.jpg\",\"contentUrl\":\"https:\\\/\\\/bluebird-music.com\\\/wp-content\\\/uploads\\\/2021\\\/04\\\/06-Claudia-C-Zimmermann-Holiday-Romeo-Normalize-44-1-kHz-_192-kbps-mp3-image-scaled.jpg\"},{\"@type\":\"BreadcrumbList\",\"@id\":\"https:\\\/\\\/bluebird-music.com\\\/de\\\/musik-von-claudia-und-bluebird-country-music-band\\\/#breadcrumb\",\"itemListElement\":[{\"@type\":\"ListItem\",\"position\":1,\"name\":\"Accueil\",\"item\":\"https:\\\/\\\/bluebird-music.com\\\/de\\\/\"},{\"@type\":\"ListItem\",\"position\":2,\"name\":\"Musik von Claudia und Bluebird Country Music Band\"}]},{\"@type\":\"WebSite\",\"@id\":\"https:\\\/\\\/bluebird-music.com\\\/de\\\/#website\",\"url\":\"https:\\\/\\\/bluebird-music.com\\\/de\\\/\",\"name\":\"Groupe de musique country Claudia & Bluebird Country Music Band\",\"description\":\"La musique Country pour vos \u00e9v\u00e9nements festifs\",\"publisher\":{\"@id\":\"https:\\\/\\\/bluebird-music.com\\\/de\\\/#organization\"},\"potentialAction\":[{\"@type\":\"SearchAction\",\"target\":{\"@type\":\"EntryPoint\",\"urlTemplate\":\"https:\\\/\\\/bluebird-music.com\\\/de\\\/?s={search_term_string}\"},\"query-input\":{\"@type\":\"PropertyValueSpecification\",\"valueRequired\":true,\"valueName\":\"search_term_string\"}}],\"inLanguage\":\"de\"},{\"@type\":\"Organization\",\"@id\":\"https:\\\/\\\/bluebird-music.com\\\/de\\\/#organization\",\"name\":\"Groupe de musique country Bluebird Country Music Band\",\"url\":\"https:\\\/\\\/bluebird-music.com\\\/de\\\/\",\"logo\":{\"@type\":\"ImageObject\",\"inLanguage\":\"de\",\"@id\":\"https:\\\/\\\/bluebird-music.com\\\/de\\\/#\\\/schema\\\/logo\\\/image\\\/\",\"url\":\"https:\\\/\\\/bluebird-music.com\\\/wp-content\\\/uploads\\\/2017\\\/08\\\/cropped-Bluebird_logo_web.jpg\",\"contentUrl\":\"https:\\\/\\\/bluebird-music.com\\\/wp-content\\\/uploads\\\/2017\\\/08\\\/cropped-Bluebird_logo_web.jpg\",\"width\":512,\"height\":512,\"caption\":\"Groupe de musique country Bluebird Country Music Band\"},\"image\":{\"@id\":\"https:\\\/\\\/bluebird-music.com\\\/de\\\/#\\\/schema\\\/logo\\\/image\\\/\"},\"sameAs\":[\"https:\\\/\\\/www.facebook.com\\\/bluebirdcountrymusicband\\\/\"]}]}<\/script>\n<!-- \/ Yoast SEO plugin. -->","yoast_head_json":{"title":"Musik von Claudia und Bluebird Country Music Band - Groupe de musique country Bluebird Country Music Band","description":"Claudia Zimmermann ist seit 1984 aktiv als Countrys\u00e4ngerin auf Schweizer B\u00fchnen unterwegs. Hier finden Sie Ausschnitte aus Claudias und Bluebird Country Music Band","robots":{"index":"index","follow":"follow","max-snippet":"max-snippet:-1","max-image-preview":"max-image-preview:large","max-video-preview":"max-video-preview:-1"},"canonical":"https:\/\/bluebird-music.com\/de\/musik-von-claudia-und-bluebird-country-music-band\/","og_locale":"de_DE","og_type":"article","og_title":"Musik von Claudia und Bluebird Country Music Band - Groupe de musique country Bluebird Country Music Band","og_description":"Claudia Zimmermann ist seit 1984 aktiv als Countrys\u00e4ngerin auf Schweizer B\u00fchnen unterwegs. Hier finden Sie Ausschnitte aus Claudias und Bluebird Country Music Band","og_url":"https:\/\/bluebird-music.com\/de\/musik-von-claudia-und-bluebird-country-music-band\/","og_site_name":"Groupe de musique country Bluebird Country Music Band","article_publisher":"https:\/\/www.facebook.com\/bluebirdcountrymusicband\/","article_modified_time":"2021-04-17T09:02:58+00:00","og_image":[{"url":"https:\/\/bluebird-music.com\/wp-content\/uploads\/2021\/04\/06-Claudia-C-Zimmermann-Holiday-Romeo-Normalize-44-1-kHz-_192-kbps-mp3-image-scaled.jpg","type":"","width":"","height":""}],"twitter_card":"summary_large_image","twitter_misc":{"Gesch\u00e4tzte Lesezeit":"1\u00a0Minute"},"schema":{"@context":"https:\/\/schema.org","@graph":[{"@type":"WebPage","@id":"https:\/\/bluebird-music.com\/de\/musik-von-claudia-und-bluebird-country-music-band\/","url":"https:\/\/bluebird-music.com\/de\/musik-von-claudia-und-bluebird-country-music-band\/","name":"Musik von Claudia und Bluebird Country Music Band - Groupe de musique country Bluebird Country Music Band","isPartOf":{"@id":"https:\/\/bluebird-music.com\/de\/#website"},"primaryImageOfPage":{"@id":"https:\/\/bluebird-music.com\/de\/musik-von-claudia-und-bluebird-country-music-band\/#primaryimage"},"image":{"@id":"https:\/\/bluebird-music.com\/de\/musik-von-claudia-und-bluebird-country-music-band\/#primaryimage"},"thumbnailUrl":"https:\/\/bluebird-music.com\/wp-content\/uploads\/2021\/04\/06-Claudia-C-Zimmermann-Holiday-Romeo-Normalize-44-1-kHz-_192-kbps-mp3-image-scaled.jpg","datePublished":"2018-08-27T19:17:49+00:00","dateModified":"2021-04-17T09:02:58+00:00","description":"Claudia Zimmermann ist seit 1984 aktiv als Countrys\u00e4ngerin auf Schweizer B\u00fchnen unterwegs. Hier finden Sie Ausschnitte aus Claudias und Bluebird Country Music Band","breadcrumb":{"@id":"https:\/\/bluebird-music.com\/de\/musik-von-claudia-und-bluebird-country-music-band\/#breadcrumb"},"inLanguage":"de","potentialAction":[{"@type":"ReadAction","target":["https:\/\/bluebird-music.com\/de\/musik-von-claudia-und-bluebird-country-music-band\/"]}]},{"@type":"ImageObject","inLanguage":"de","@id":"https:\/\/bluebird-music.com\/de\/musik-von-claudia-und-bluebird-country-music-band\/#primaryimage","url":"https:\/\/bluebird-music.com\/wp-content\/uploads\/2021\/04\/06-Claudia-C-Zimmermann-Holiday-Romeo-Normalize-44-1-kHz-_192-kbps-mp3-image-scaled.jpg","contentUrl":"https:\/\/bluebird-music.com\/wp-content\/uploads\/2021\/04\/06-Claudia-C-Zimmermann-Holiday-Romeo-Normalize-44-1-kHz-_192-kbps-mp3-image-scaled.jpg"},{"@type":"BreadcrumbList","@id":"https:\/\/bluebird-music.com\/de\/musik-von-claudia-und-bluebird-country-music-band\/#breadcrumb","itemListElement":[{"@type":"ListItem","position":1,"name":"Accueil","item":"https:\/\/bluebird-music.com\/de\/"},{"@type":"ListItem","position":2,"name":"Musik von Claudia und Bluebird Country Music Band"}]},{"@type":"WebSite","@id":"https:\/\/bluebird-music.com\/de\/#website","url":"https:\/\/bluebird-music.com\/de\/","name":"Groupe de musique country Claudia & Bluebird Country Music Band","description":"La musique Country pour vos \u00e9v\u00e9nements festifs","publisher":{"@id":"https:\/\/bluebird-music.com\/de\/#organization"},"potentialAction":[{"@type":"SearchAction","target":{"@type":"EntryPoint","urlTemplate":"https:\/\/bluebird-music.com\/de\/?s={search_term_string}"},"query-input":{"@type":"PropertyValueSpecification","valueRequired":true,"valueName":"search_term_string"}}],"inLanguage":"de"},{"@type":"Organization","@id":"https:\/\/bluebird-music.com\/de\/#organization","name":"Groupe de musique country Bluebird Country Music Band","url":"https:\/\/bluebird-music.com\/de\/","logo":{"@type":"ImageObject","inLanguage":"de","@id":"https:\/\/bluebird-music.com\/de\/#\/schema\/logo\/image\/","url":"https:\/\/bluebird-music.com\/wp-content\/uploads\/2017\/08\/cropped-Bluebird_logo_web.jpg","contentUrl":"https:\/\/bluebird-music.com\/wp-content\/uploads\/2017\/08\/cropped-Bluebird_logo_web.jpg","width":512,"height":512,"caption":"Groupe de musique country Bluebird Country Music Band"},"image":{"@id":"https:\/\/bluebird-music.com\/de\/#\/schema\/logo\/image\/"},"sameAs":["https:\/\/www.facebook.com\/bluebirdcountrymusicband\/"]}]}},"_links":{"self":[{"href":"https:\/\/bluebird-music.com\/de\/wp-json\/wp\/v2\/pages\/766","targetHints":{"allow":["GET"]}}],"collection":[{"href":"https:\/\/bluebird-music.com\/de\/wp-json\/wp\/v2\/pages"}],"about":[{"href":"https:\/\/bluebird-music.com\/de\/wp-json\/wp\/v2\/types\/page"}],"author":[{"embeddable":true,"href":"https:\/\/bluebird-music.com\/de\/wp-json\/wp\/v2\/users\/1"}],"replies":[{"embeddable":true,"href":"https:\/\/bluebird-music.com\/de\/wp-json\/wp\/v2\/comments?post=766"}],"version-history":[{"count":0,"href":"https:\/\/bluebird-music.com\/de\/wp-json\/wp\/v2\/pages\/766\/revisions"}],"wp:attachment":[{"href":"https:\/\/bluebird-music.com\/de\/wp-json\/wp\/v2\/media?parent=766"}],"curies":[{"name":"wp","href":"https:\/\/api.w.org\/{rel}","templated":true}]}}