{"id":781,"date":"2018-08-27T21:42:12","date_gmt":"2018-08-27T19:42:12","guid":{"rendered":"https:\/\/bluebird-music.com\/?page_id=781"},"modified":"2024-09-03T16:03:01","modified_gmt":"2024-09-03T14:03:01","slug":"fotos-und-videos-von-countrymusic-konzerten","status":"publish","type":"page","link":"https:\/\/bluebird-music.com\/de\/fotos-und-videos-von-countrymusic-konzerten\/","title":{"rendered":"Konzertfotos"},"content":{"rendered":"<h2>Verschiedene publik Konzerten und privaten Festen<\/h2>\n<p><span style=\"width: 100%;\"><img loading=\"lazy\" decoding=\"async\" alt=\"photos et vid\u00e9os de Bluebird Country Music Band\" title=\"Graham\" data-id=\"609\" src=\"\/\/bluebird-music.com\/wp-content\/uploads\/2018\/06\/IMG_0809.jpg\" style=\"\" width=\"640\" height=\"1136\"><\/span><span style=\"width: 100%;\"><img loading=\"lazy\" decoding=\"async\" alt=\"photos et vid\u00e9os de Bluebird Country Music Band\" title=\"Jack\" data-id=\"610\" src=\"\/\/bluebird-music.com\/wp-content\/uploads\/2018\/06\/IMG_0154.jpg\" style=\"\" width=\"640\" height=\"1136\"><\/span><span style=\"width: 100%;\"><img loading=\"lazy\" decoding=\"async\" alt=\"photos et vid\u00e9os de Bluebird Country Music Band\" title=\"Claudia &amp; Sandra\" data-id=\"611\" src=\"\/\/bluebird-music.com\/wp-content\/uploads\/2018\/06\/IMG_0020.jpg\" style=\"\" width=\"518\" height=\"640\"><\/span><span style=\"width: 100%;\"><img loading=\"lazy\" decoding=\"async\" alt=\"photos et vid\u00e9os de Bluebird Country Music Band\" title=\"Terry Nelson\" data-id=\"614\" src=\"\/\/bluebird-music.com\/wp-content\/uploads\/2018\/06\/IMG_0079.jpg\" style=\"\" width=\"960\" height=\"1280\"><\/span><span style=\"width: 100%;\"><img loading=\"lazy\" decoding=\"async\" alt=\"photos et vid\u00e9os de Bluebird Country Music Band\" title=\"IMG_0189\" data-id=\"612\" src=\"\/\/bluebird-music.com\/wp-content\/uploads\/2018\/06\/IMG_0189.jpg\" style=\"\" width=\"640\" height=\"1136\"><\/span><span style=\"width: 100%;\"><img loading=\"lazy\" decoding=\"async\" alt=\"photos et vid\u00e9os de Bluebird Country Music Band\" title=\"David Meister\" data-id=\"615\" src=\"\/\/bluebird-music.com\/wp-content\/uploads\/2018\/06\/IMG_0170.jpg\" style=\"\" width=\"312\" height=\"640\"><\/span><span style=\"width: 100%;\"><img loading=\"lazy\" decoding=\"async\" alt=\"photos et vid\u00e9os de Bluebird Country Music Band\" title=\"Claudia &amp; David\" data-id=\"602\" src=\"\/\/bluebird-music.com\/wp-content\/uploads\/2018\/06\/DSC_2140.jpg\" style=\"\" width=\"3008\" height=\"2000\"><\/span><span style=\"width: 100%;\"><img loading=\"lazy\" decoding=\"async\" alt=\"photos et vid\u00e9os de Bluebird Country Music Band\" title=\"Claudia\" data-id=\"604\" src=\"\/\/bluebird-music.com\/wp-content\/uploads\/2018\/06\/DSC_2150.jpg\" style=\"\" width=\"3008\" height=\"2000\"><\/span><span style=\"width: 100%;\"><img loading=\"lazy\" decoding=\"async\" alt=\"photos et vid\u00e9os de Bluebird Country Music Band\" title=\"Phil\" data-id=\"603\" src=\"\/\/bluebird-music.com\/wp-content\/uploads\/2018\/06\/DSC_2149.jpg\" style=\"\" width=\"2000\" height=\"3008\"><\/span><span style=\"width: 100%;\"><img loading=\"lazy\" decoding=\"async\" alt=\"photos et vid\u00e9os de Bluebird Country Music Band\" title=\"Gerald Sifringer\" data-id=\"616\" src=\"\/\/bluebird-music.com\/wp-content\/uploads\/2018\/06\/Gerald.jpg\" style=\"\" width=\"3008\" height=\"2000\"><\/span><span style=\"width: 100%;\"><img loading=\"lazy\" decoding=\"async\" alt=\"photos et vid\u00e9os de Bluebird Country Music Band\" title=\"DSC_2210\" data-id=\"607\" src=\"\/\/bluebird-music.com\/wp-content\/uploads\/2018\/06\/DSC_2210.jpg\" style=\"\" width=\"3008\" height=\"2000\"><\/span><\/p>\n<h2>Yverdon &nbsp;Musik Festival<\/h2>\n<p><span><img loading=\"lazy\" decoding=\"async\" alt=\"photos et vid\u00e9os de Bluebird Country Music Band\" title=\"fete de la musique yverdon 2\" data-id=\"343\" src=\"\/\/bluebird-music.com\/wp-content\/uploads\/2017\/08\/fete-de-la-musique-yverdon-2.jpg\" width=\"960\" height=\"720\"><\/span><\/p>\n<h3>Nous nous produisons aussi en formation r\u00e9duite<\/h3>\n<h2>Claudia im Konzert mit Bluebird Country Music Band<\/h2>\n<p><span style=\"width: 100%;\"><img loading=\"lazy\" decoding=\"async\" alt=\"photos et vid\u00e9os de Bluebird Country Music Band\" title=\"Claudia et Phil\" data-id=\"338\" src=\"\/\/bluebird-music.com\/wp-content\/uploads\/2017\/08\/Claudia-et-Phil.jpg\" style=\"\" width=\"400\" height=\"600\"><\/span><span style=\"width: 100%;\"><img loading=\"lazy\" decoding=\"async\" alt=\"photos et vid\u00e9os de Bluebird Country Music Band\" title=\"Therry Chancy2016\" data-id=\"340\" src=\"\/\/bluebird-music.com\/wp-content\/uploads\/2017\/08\/Therry-Chancy2016.jpg\" style=\"\" width=\"640\" height=\"960\"><\/span><span><img loading=\"lazy\" decoding=\"async\" alt=\"photos et vid\u00e9os de Bluebird Country Music Band\" title=\"David Chancy 2016\" data-id=\"341\" src=\"\/\/bluebird-music.com\/wp-content\/uploads\/2017\/08\/Dvis-Chancy-2016.jpg\" width=\"960\" height=\"640\"><\/span><span><img loading=\"lazy\" decoding=\"async\" alt=\"photos et vid\u00e9os de Bluebird Country Music Band\" title=\"Sandra Pellet Chancy 2016\" data-id=\"342\" src=\"\/\/bluebird-music.com\/wp-content\/uploads\/2017\/08\/Sandra-Pellet-Chancy-2016.jpg\" width=\"960\" height=\"640\"><\/span><\/p>\n<h4>Festival Country d&#8217;Yv 2014<\/h4>\n<p><span style=\"color: rgb(255, 255, 255);\">Les Fans deCountry Music pr\u00e9sents se souviennent certainement du festival Country d&#8217;Yv qui a eu lieu \u00e0 Yvonand en \u00e9t\u00e9 2014.<\/span><\/p>\n<p><span style=\"color: rgb(255, 255, 255);\">Sur cette vid\u00e9o vous pouvez regarder une extrait du concert de &nbsp;Buebird Country Music Band, qui avec d&#8217;autres artistes de renomm\u00e9e suisse et internationale, s&#8217;\u00e9tait produit \u00e0 ce festival de Country Music<\/span><\/p>\n<p><span style=\"color: rgb(255, 255, 255);\">Un chaleureux merci \u00e0 Claudia instigatrice et organisatrice de ce festival.<\/span><\/p>\n<h2>Im studio<\/h2>\n<p><span style=\"width: 100%;\"><img loading=\"lazy\" decoding=\"async\" alt=\"photos et vid\u00e9os de Bluebird Country Music Band\" title=\"batteur en studio\" data-id=\"329\" src=\"\/\/bluebird-music.com\/wp-content\/uploads\/2017\/08\/batteur-en-studio.jpg\" style=\"\" width=\"464\" height=\"700\"><\/span><span style=\"width: 100%;\"><img loading=\"lazy\" decoding=\"async\" alt=\"photos et vid\u00e9os de Bluebird Country Music Band\" title=\"mixeur\" data-id=\"330\" src=\"\/\/bluebird-music.com\/wp-content\/uploads\/2017\/08\/mixeur.jpg\" style=\"\" width=\"700\" height=\"464\"><\/span><span><img loading=\"lazy\" decoding=\"async\" alt=\"photos et vid\u00e9os de Bluebird Country Music Band\" title=\"equipe en studio\" data-id=\"332\" src=\"\/\/bluebird-music.com\/wp-content\/uploads\/2017\/08\/equipe-en-studio.jpg\" width=\"700\" height=\"464\"><\/span><span><img loading=\"lazy\" decoding=\"async\" alt=\"photos et vid\u00e9os de Bluebird Country Music Band\" title=\"therry nelson en studio\" data-id=\"333\" src=\"\/\/bluebird-music.com\/wp-content\/uploads\/2017\/08\/therry-nelson-en-studio.jpg\" width=\"464\" height=\"700\"><\/span><\/p>\n<h2>Sendung le &#8222;Kiosque \u00e0 Musique&#8220;, Radio Suisse Romande<\/h2>\n<p><span style=\"color: rgb(255, 255, 255);\">Le Kiosque<strong>\u200b<\/strong> \u00e0 Musique , \u00e9mission de la Radio Suisse Romande, anim\u00e9e parJean-Marc Richard invite Bluebird Country Music pour son \u00e9mission qui a eu lieu \u00e0 Yverdon-Les Bains en 2010 d\u00e9j\u00e0.<\/span><span style=\"color: rgb(255, 255, 255);\">Pour tout le groupe c&#8217;\u00e9tait une exp\u00e9rience enrichissante.<\/span><\/p>\n<h4>Night Train to Memphis<\/h4>\n<p><!--[if lt IE 9]><a href=\"https:\/\/bluebird-music.com\/wp-content\/uploads\/2017\/08\/Night-Train-To-Memphis.mp3\">https:\/\/bluebird-music.com\/wp-content\/uploads\/2017\/08\/Night-Train-To-Memphis.mp3<\/a><\/p>\n\n\n\n<h4>Lark In The Morning<\/h4>\n\n\n\n<p><a href=\"https:\/\/bluebird-music.com\/wp-content\/uploads\/2017\/08\/Lark-in-the-Morning.mp3\">https:\/\/bluebird-music.com\/wp-content\/uploads\/2017\/08\/Lark-in-the-Morning.mp3<\/a><\/p>\n\n\n\n<h4>Evengelina<\/h4>\n\n\n\n<p><a href=\"https:\/\/bluebird-music.com\/wp-content\/uploads\/2017\/08\/Evangelina.mp3\">https:\/\/bluebird-music.com\/wp-content\/uploads\/2017\/08\/Evangelina.mp3<\/a><\/p>\n\n\n\n<h2>Am &nbsp;Anfang...<\/h2>\n\n<span><img loading=\"lazy\" decoding=\"async\" alt=\"photos et vid\u00e9os de Bluebird Country Music Band\" title=\"debut\" data-id=\"319\" src=\"\/\/bluebird-music.com\/wp-content\/uploads\/2017\/08\/debut.jpg\" width=\"960\" height=\"640\"><\/span><span style=\"width: 100%;\"><img loading=\"lazy\" decoding=\"async\" alt=\"photos et vid\u00e9os de Bluebird Country Music Band\" title=\"batteur de country\" data-id=\"320\" src=\"\/\/bluebird-music.com\/wp-content\/uploads\/2017\/08\/batteur-de-country.jpg\" style=\"\" width=\"960\" height=\"720\"><\/span><span><img loading=\"lazy\" decoding=\"async\" alt=\"photos et vid\u00e9os de Bluebird Country Music Band\" title=\"Phill\" data-id=\"321\" src=\"\/\/bluebird-music.com\/wp-content\/uploads\/2017\/08\/Phill.jpg\" width=\"960\" height=\"640\"><\/span><span><img loading=\"lazy\" decoding=\"async\" alt=\"photos et vid\u00e9os de Bluebird country music band\" title=\"avec Beatus\" data-id=\"313\" src=\"\/\/bluebird-music.com\/wp-content\/uploads\/2017\/08\/avec-Beatus.jpg\" width=\"960\" height=\"720\"><\/span><span><img loading=\"lazy\" decoding=\"async\" alt=\"photos et vid\u00e9os de Bluebird Country Music Band\" title=\"claudia &amp; Thierry\" data-id=\"315\" src=\"\/\/bluebird-music.com\/wp-content\/uploads\/2017\/08\/claudia-Thierry.jpg\" width=\"960\" height=\"720\"><\/span><span><img loading=\"lazy\" decoding=\"async\" alt=\"photos et vid\u00e9os de Bluebird Country Music Band\" title=\"George\" data-id=\"316\" src=\"\/\/bluebird-music.com\/wp-content\/uploads\/2017\/08\/George.jpg\" width=\"960\" height=\"720\"><\/span><span><img loading=\"lazy\" decoding=\"async\" alt=\"photos et vid\u00e9os de Bluebird Country Music Band\" title=\"concert a Denauret\" data-id=\"318\" src=\"\/\/bluebird-music.com\/wp-content\/uploads\/2017\/08\/concert-a-Denauret.jpg\" width=\"960\" height=\"720\"><\/span>\n<\/p>\n","protected":false},"excerpt":{"rendered":"<p>Verschiedene publik Konzerten und privaten Festen Yverdon &nbsp;Musik Festival Nous nous produisons aussi en formation r\u00e9duite Claudia im Konzert mit Bluebird Country Music Band Festival Country d&#8217;Yv 2014 Les Fans deCountry Music pr\u00e9sents se souviennent certainement du festival Country d&#8217;Yv qui a eu lieu \u00e0 Yvonand en \u00e9t\u00e9 2014. Sur cette vid\u00e9o vous pouvez regarder [&hellip;]<\/p>\n","protected":false},"author":1,"featured_media":0,"parent":0,"menu_order":0,"comment_status":"closed","ping_status":"closed","template":"","meta":{"footnotes":""},"class_list":["post-781","page","type-page","status-publish","hentry"],"yoast_head":"<!-- This site is optimized with the Yoast SEO plugin v27.3 - https:\/\/yoast.com\/product\/yoast-seo-wordpress\/ -->\n<title>Konzertfotos - Groupe de musique country Bluebird Country Music Band<\/title>\n<meta name=\"robots\" content=\"index, follow, max-snippet:-1, max-image-preview:large, max-video-preview:-1\" \/>\n<link rel=\"canonical\" href=\"https:\/\/bluebird-music.com\/de\/fotos-und-videos-von-countrymusic-konzerten\/\" \/>\n<meta property=\"og:locale\" content=\"de_DE\" \/>\n<meta property=\"og:type\" content=\"article\" \/>\n<meta property=\"og:title\" content=\"Konzertfotos - Groupe de musique country Bluebird Country Music Band\" \/>\n<meta property=\"og:description\" content=\"Verschiedene publik Konzerten und privaten Festen Yverdon &nbsp;Musik Festival Nous nous produisons aussi en formation r\u00e9duite Claudia im Konzert mit Bluebird Country Music Band Festival Country d&#8217;Yv 2014 Les Fans deCountry Music pr\u00e9sents se souviennent certainement du festival Country d&#8217;Yv qui a eu lieu \u00e0 Yvonand en \u00e9t\u00e9 2014. Sur cette vid\u00e9o vous pouvez regarder [&hellip;]\" \/>\n<meta property=\"og:url\" content=\"https:\/\/bluebird-music.com\/de\/fotos-und-videos-von-countrymusic-konzerten\/\" \/>\n<meta property=\"og:site_name\" content=\"Groupe de musique country Bluebird Country Music Band\" \/>\n<meta property=\"article:publisher\" content=\"https:\/\/www.facebook.com\/bluebirdcountrymusicband\/\" \/>\n<meta property=\"article:modified_time\" content=\"2024-09-03T14:03:01+00:00\" \/>\n<meta name=\"twitter:card\" content=\"summary_large_image\" \/>\n<meta name=\"twitter:label1\" content=\"Gesch\u00e4tzte Lesezeit\" \/>\n\t<meta name=\"twitter:data1\" content=\"1\u00a0Minute\" \/>\n<script type=\"application\/ld+json\" class=\"yoast-schema-graph\">{\"@context\":\"https:\\\/\\\/schema.org\",\"@graph\":[{\"@type\":\"WebPage\",\"@id\":\"https:\\\/\\\/bluebird-music.com\\\/de\\\/fotos-und-videos-von-countrymusic-konzerten\\\/\",\"url\":\"https:\\\/\\\/bluebird-music.com\\\/de\\\/fotos-und-videos-von-countrymusic-konzerten\\\/\",\"name\":\"Konzertfotos - Groupe de musique country Bluebird Country Music Band\",\"isPartOf\":{\"@id\":\"https:\\\/\\\/bluebird-music.com\\\/de\\\/#website\"},\"datePublished\":\"2018-08-27T19:42:12+00:00\",\"dateModified\":\"2024-09-03T14:03:01+00:00\",\"breadcrumb\":{\"@id\":\"https:\\\/\\\/bluebird-music.com\\\/de\\\/fotos-und-videos-von-countrymusic-konzerten\\\/#breadcrumb\"},\"inLanguage\":\"de\",\"potentialAction\":[{\"@type\":\"ReadAction\",\"target\":[\"https:\\\/\\\/bluebird-music.com\\\/de\\\/fotos-und-videos-von-countrymusic-konzerten\\\/\"]}]},{\"@type\":\"BreadcrumbList\",\"@id\":\"https:\\\/\\\/bluebird-music.com\\\/de\\\/fotos-und-videos-von-countrymusic-konzerten\\\/#breadcrumb\",\"itemListElement\":[{\"@type\":\"ListItem\",\"position\":1,\"name\":\"Accueil\",\"item\":\"https:\\\/\\\/bluebird-music.com\\\/de\\\/\"},{\"@type\":\"ListItem\",\"position\":2,\"name\":\"Konzertfotos\"}]},{\"@type\":\"WebSite\",\"@id\":\"https:\\\/\\\/bluebird-music.com\\\/de\\\/#website\",\"url\":\"https:\\\/\\\/bluebird-music.com\\\/de\\\/\",\"name\":\"Groupe de musique country Claudia & Bluebird Country Music Band\",\"description\":\"La musique Country pour vos \u00e9v\u00e9nements festifs\",\"publisher\":{\"@id\":\"https:\\\/\\\/bluebird-music.com\\\/de\\\/#organization\"},\"potentialAction\":[{\"@type\":\"SearchAction\",\"target\":{\"@type\":\"EntryPoint\",\"urlTemplate\":\"https:\\\/\\\/bluebird-music.com\\\/de\\\/?s={search_term_string}\"},\"query-input\":{\"@type\":\"PropertyValueSpecification\",\"valueRequired\":true,\"valueName\":\"search_term_string\"}}],\"inLanguage\":\"de\"},{\"@type\":\"Organization\",\"@id\":\"https:\\\/\\\/bluebird-music.com\\\/de\\\/#organization\",\"name\":\"Groupe de musique country Bluebird Country Music Band\",\"url\":\"https:\\\/\\\/bluebird-music.com\\\/de\\\/\",\"logo\":{\"@type\":\"ImageObject\",\"inLanguage\":\"de\",\"@id\":\"https:\\\/\\\/bluebird-music.com\\\/de\\\/#\\\/schema\\\/logo\\\/image\\\/\",\"url\":\"https:\\\/\\\/bluebird-music.com\\\/wp-content\\\/uploads\\\/2017\\\/08\\\/cropped-Bluebird_logo_web.jpg\",\"contentUrl\":\"https:\\\/\\\/bluebird-music.com\\\/wp-content\\\/uploads\\\/2017\\\/08\\\/cropped-Bluebird_logo_web.jpg\",\"width\":512,\"height\":512,\"caption\":\"Groupe de musique country Bluebird Country Music Band\"},\"image\":{\"@id\":\"https:\\\/\\\/bluebird-music.com\\\/de\\\/#\\\/schema\\\/logo\\\/image\\\/\"},\"sameAs\":[\"https:\\\/\\\/www.facebook.com\\\/bluebirdcountrymusicband\\\/\"]}]}<\/script>\n<!-- \/ Yoast SEO plugin. -->","yoast_head_json":{"title":"Konzertfotos - Groupe de musique country Bluebird Country Music Band","robots":{"index":"index","follow":"follow","max-snippet":"max-snippet:-1","max-image-preview":"max-image-preview:large","max-video-preview":"max-video-preview:-1"},"canonical":"https:\/\/bluebird-music.com\/de\/fotos-und-videos-von-countrymusic-konzerten\/","og_locale":"de_DE","og_type":"article","og_title":"Konzertfotos - Groupe de musique country Bluebird Country Music Band","og_description":"Verschiedene publik Konzerten und privaten Festen Yverdon &nbsp;Musik Festival Nous nous produisons aussi en formation r\u00e9duite Claudia im Konzert mit Bluebird Country Music Band Festival Country d&#8217;Yv 2014 Les Fans deCountry Music pr\u00e9sents se souviennent certainement du festival Country d&#8217;Yv qui a eu lieu \u00e0 Yvonand en \u00e9t\u00e9 2014. Sur cette vid\u00e9o vous pouvez regarder [&hellip;]","og_url":"https:\/\/bluebird-music.com\/de\/fotos-und-videos-von-countrymusic-konzerten\/","og_site_name":"Groupe de musique country Bluebird Country Music Band","article_publisher":"https:\/\/www.facebook.com\/bluebirdcountrymusicband\/","article_modified_time":"2024-09-03T14:03:01+00:00","twitter_card":"summary_large_image","twitter_misc":{"Gesch\u00e4tzte Lesezeit":"1\u00a0Minute"},"schema":{"@context":"https:\/\/schema.org","@graph":[{"@type":"WebPage","@id":"https:\/\/bluebird-music.com\/de\/fotos-und-videos-von-countrymusic-konzerten\/","url":"https:\/\/bluebird-music.com\/de\/fotos-und-videos-von-countrymusic-konzerten\/","name":"Konzertfotos - Groupe de musique country Bluebird Country Music Band","isPartOf":{"@id":"https:\/\/bluebird-music.com\/de\/#website"},"datePublished":"2018-08-27T19:42:12+00:00","dateModified":"2024-09-03T14:03:01+00:00","breadcrumb":{"@id":"https:\/\/bluebird-music.com\/de\/fotos-und-videos-von-countrymusic-konzerten\/#breadcrumb"},"inLanguage":"de","potentialAction":[{"@type":"ReadAction","target":["https:\/\/bluebird-music.com\/de\/fotos-und-videos-von-countrymusic-konzerten\/"]}]},{"@type":"BreadcrumbList","@id":"https:\/\/bluebird-music.com\/de\/fotos-und-videos-von-countrymusic-konzerten\/#breadcrumb","itemListElement":[{"@type":"ListItem","position":1,"name":"Accueil","item":"https:\/\/bluebird-music.com\/de\/"},{"@type":"ListItem","position":2,"name":"Konzertfotos"}]},{"@type":"WebSite","@id":"https:\/\/bluebird-music.com\/de\/#website","url":"https:\/\/bluebird-music.com\/de\/","name":"Groupe de musique country Claudia & Bluebird Country Music Band","description":"La musique Country pour vos \u00e9v\u00e9nements festifs","publisher":{"@id":"https:\/\/bluebird-music.com\/de\/#organization"},"potentialAction":[{"@type":"SearchAction","target":{"@type":"EntryPoint","urlTemplate":"https:\/\/bluebird-music.com\/de\/?s={search_term_string}"},"query-input":{"@type":"PropertyValueSpecification","valueRequired":true,"valueName":"search_term_string"}}],"inLanguage":"de"},{"@type":"Organization","@id":"https:\/\/bluebird-music.com\/de\/#organization","name":"Groupe de musique country Bluebird Country Music Band","url":"https:\/\/bluebird-music.com\/de\/","logo":{"@type":"ImageObject","inLanguage":"de","@id":"https:\/\/bluebird-music.com\/de\/#\/schema\/logo\/image\/","url":"https:\/\/bluebird-music.com\/wp-content\/uploads\/2017\/08\/cropped-Bluebird_logo_web.jpg","contentUrl":"https:\/\/bluebird-music.com\/wp-content\/uploads\/2017\/08\/cropped-Bluebird_logo_web.jpg","width":512,"height":512,"caption":"Groupe de musique country Bluebird Country Music Band"},"image":{"@id":"https:\/\/bluebird-music.com\/de\/#\/schema\/logo\/image\/"},"sameAs":["https:\/\/www.facebook.com\/bluebirdcountrymusicband\/"]}]}},"_links":{"self":[{"href":"https:\/\/bluebird-music.com\/de\/wp-json\/wp\/v2\/pages\/781","targetHints":{"allow":["GET"]}}],"collection":[{"href":"https:\/\/bluebird-music.com\/de\/wp-json\/wp\/v2\/pages"}],"about":[{"href":"https:\/\/bluebird-music.com\/de\/wp-json\/wp\/v2\/types\/page"}],"author":[{"embeddable":true,"href":"https:\/\/bluebird-music.com\/de\/wp-json\/wp\/v2\/users\/1"}],"replies":[{"embeddable":true,"href":"https:\/\/bluebird-music.com\/de\/wp-json\/wp\/v2\/comments?post=781"}],"version-history":[{"count":0,"href":"https:\/\/bluebird-music.com\/de\/wp-json\/wp\/v2\/pages\/781\/revisions"}],"wp:attachment":[{"href":"https:\/\/bluebird-music.com\/de\/wp-json\/wp\/v2\/media?parent=781"}],"curies":[{"name":"wp","href":"https:\/\/api.w.org\/{rel}","templated":true}]}}