{"id":793,"date":"2018-08-29T22:35:35","date_gmt":"2018-08-29T20:35:35","guid":{"rendered":"https:\/\/bluebird-music.com\/?page_id=793"},"modified":"2024-03-12T08:38:22","modified_gmt":"2024-03-12T07:38:22","slug":"country-music-konzert-offerte-anfrage","status":"publish","type":"page","link":"https:\/\/bluebird-music.com\/de\/country-music-konzert-offerte-anfrage\/","title":{"rendered":"Country Music Konzert Offerte Anfrage"},"content":{"rendered":"<h1 style=\"text-align: center;\">Fragen Sie uns f\u00fcr ein Angebot!<\/h1>\n<p style=\"text-align: center;\"><span style=\"font-size: 21px;\">Planen Sie einen Anlass wie einen Firmenabend, ein Dorffest oder sonst ein Konzert ?Verlangen Sie unsere unverbindliche Offerte!<\/span><\/p>\n<h1 style=\"text-align: center;\">Hier k\u00f6nnen Sie das Datum f\u00fcr Ihren Event reservieren.<\/h1>\n<p style=\"text-align: center;\">Ganz einfach: Formular ausf\u00fcllen, wir antworten ! <\/p>\n","protected":false},"excerpt":{"rendered":"<p>Fragen Sie uns f\u00fcr ein Angebot! Planen Sie einen Anlass wie einen Firmenabend, ein Dorffest oder sonst ein Konzert ?Verlangen Sie unsere unverbindliche Offerte! Hier k\u00f6nnen Sie das Datum f\u00fcr Ihren Event reservieren. Ganz einfach: Formular ausf\u00fcllen, wir antworten !<\/p>\n","protected":false},"author":1,"featured_media":0,"parent":0,"menu_order":0,"comment_status":"closed","ping_status":"closed","template":"landing-page.php","meta":{"footnotes":""},"class_list":["post-793","page","type-page","status-publish","hentry"],"yoast_head":"<!-- This site is optimized with the Yoast SEO plugin v27.3 - https:\/\/yoast.com\/product\/yoast-seo-wordpress\/ -->\n<title>Country Music Konzert Offerte Anfrage - Groupe de musique country Bluebird Country Music Band<\/title>\n<meta name=\"robots\" content=\"index, follow, max-snippet:-1, max-image-preview:large, max-video-preview:-1\" \/>\n<link rel=\"canonical\" href=\"https:\/\/bluebird-music.com\/de\/country-music-konzert-offerte-anfrage\/\" \/>\n<meta property=\"og:locale\" content=\"de_DE\" \/>\n<meta property=\"og:type\" content=\"article\" \/>\n<meta property=\"og:title\" content=\"Country Music Konzert Offerte Anfrage - Groupe de musique country Bluebird Country Music Band\" \/>\n<meta property=\"og:description\" content=\"Fragen Sie uns f\u00fcr ein Angebot! Planen Sie einen Anlass wie einen Firmenabend, ein Dorffest oder sonst ein Konzert ?Verlangen Sie unsere unverbindliche Offerte! Hier k\u00f6nnen Sie das Datum f\u00fcr Ihren Event reservieren. Ganz einfach: Formular ausf\u00fcllen, wir antworten !\" \/>\n<meta property=\"og:url\" content=\"https:\/\/bluebird-music.com\/de\/country-music-konzert-offerte-anfrage\/\" \/>\n<meta property=\"og:site_name\" content=\"Groupe de musique country Bluebird Country Music Band\" \/>\n<meta property=\"article:publisher\" content=\"https:\/\/www.facebook.com\/bluebirdcountrymusicband\/\" \/>\n<meta property=\"article:modified_time\" content=\"2024-03-12T07:38:22+00:00\" \/>\n<meta name=\"twitter:card\" content=\"summary_large_image\" \/>\n<script type=\"application\/ld+json\" class=\"yoast-schema-graph\">{\"@context\":\"https:\\\/\\\/schema.org\",\"@graph\":[{\"@type\":\"WebPage\",\"@id\":\"https:\\\/\\\/bluebird-music.com\\\/de\\\/country-music-konzert-offerte-anfrage\\\/\",\"url\":\"https:\\\/\\\/bluebird-music.com\\\/de\\\/country-music-konzert-offerte-anfrage\\\/\",\"name\":\"Country Music Konzert Offerte Anfrage - Groupe de musique country Bluebird Country Music Band\",\"isPartOf\":{\"@id\":\"https:\\\/\\\/bluebird-music.com\\\/de\\\/#website\"},\"datePublished\":\"2018-08-29T20:35:35+00:00\",\"dateModified\":\"2024-03-12T07:38:22+00:00\",\"breadcrumb\":{\"@id\":\"https:\\\/\\\/bluebird-music.com\\\/de\\\/country-music-konzert-offerte-anfrage\\\/#breadcrumb\"},\"inLanguage\":\"de\",\"potentialAction\":[{\"@type\":\"ReadAction\",\"target\":[\"https:\\\/\\\/bluebird-music.com\\\/de\\\/country-music-konzert-offerte-anfrage\\\/\"]}]},{\"@type\":\"BreadcrumbList\",\"@id\":\"https:\\\/\\\/bluebird-music.com\\\/de\\\/country-music-konzert-offerte-anfrage\\\/#breadcrumb\",\"itemListElement\":[{\"@type\":\"ListItem\",\"position\":1,\"name\":\"Accueil\",\"item\":\"https:\\\/\\\/bluebird-music.com\\\/de\\\/\"},{\"@type\":\"ListItem\",\"position\":2,\"name\":\"Country Music Konzert Offerte Anfrage\"}]},{\"@type\":\"WebSite\",\"@id\":\"https:\\\/\\\/bluebird-music.com\\\/de\\\/#website\",\"url\":\"https:\\\/\\\/bluebird-music.com\\\/de\\\/\",\"name\":\"Groupe de musique country Claudia & Bluebird Country Music Band\",\"description\":\"La musique Country pour vos \u00e9v\u00e9nements festifs\",\"publisher\":{\"@id\":\"https:\\\/\\\/bluebird-music.com\\\/de\\\/#organization\"},\"potentialAction\":[{\"@type\":\"SearchAction\",\"target\":{\"@type\":\"EntryPoint\",\"urlTemplate\":\"https:\\\/\\\/bluebird-music.com\\\/de\\\/?s={search_term_string}\"},\"query-input\":{\"@type\":\"PropertyValueSpecification\",\"valueRequired\":true,\"valueName\":\"search_term_string\"}}],\"inLanguage\":\"de\"},{\"@type\":\"Organization\",\"@id\":\"https:\\\/\\\/bluebird-music.com\\\/de\\\/#organization\",\"name\":\"Groupe de musique country Bluebird Country Music Band\",\"url\":\"https:\\\/\\\/bluebird-music.com\\\/de\\\/\",\"logo\":{\"@type\":\"ImageObject\",\"inLanguage\":\"de\",\"@id\":\"https:\\\/\\\/bluebird-music.com\\\/de\\\/#\\\/schema\\\/logo\\\/image\\\/\",\"url\":\"https:\\\/\\\/bluebird-music.com\\\/wp-content\\\/uploads\\\/2017\\\/08\\\/cropped-Bluebird_logo_web.jpg\",\"contentUrl\":\"https:\\\/\\\/bluebird-music.com\\\/wp-content\\\/uploads\\\/2017\\\/08\\\/cropped-Bluebird_logo_web.jpg\",\"width\":512,\"height\":512,\"caption\":\"Groupe de musique country Bluebird Country Music Band\"},\"image\":{\"@id\":\"https:\\\/\\\/bluebird-music.com\\\/de\\\/#\\\/schema\\\/logo\\\/image\\\/\"},\"sameAs\":[\"https:\\\/\\\/www.facebook.com\\\/bluebirdcountrymusicband\\\/\"]}]}<\/script>\n<!-- \/ Yoast SEO plugin. -->","yoast_head_json":{"title":"Country Music Konzert Offerte Anfrage - Groupe de musique country Bluebird Country Music Band","robots":{"index":"index","follow":"follow","max-snippet":"max-snippet:-1","max-image-preview":"max-image-preview:large","max-video-preview":"max-video-preview:-1"},"canonical":"https:\/\/bluebird-music.com\/de\/country-music-konzert-offerte-anfrage\/","og_locale":"de_DE","og_type":"article","og_title":"Country Music Konzert Offerte Anfrage - Groupe de musique country Bluebird Country Music Band","og_description":"Fragen Sie uns f\u00fcr ein Angebot! Planen Sie einen Anlass wie einen Firmenabend, ein Dorffest oder sonst ein Konzert ?Verlangen Sie unsere unverbindliche Offerte! Hier k\u00f6nnen Sie das Datum f\u00fcr Ihren Event reservieren. Ganz einfach: Formular ausf\u00fcllen, wir antworten !","og_url":"https:\/\/bluebird-music.com\/de\/country-music-konzert-offerte-anfrage\/","og_site_name":"Groupe de musique country Bluebird Country Music Band","article_publisher":"https:\/\/www.facebook.com\/bluebirdcountrymusicband\/","article_modified_time":"2024-03-12T07:38:22+00:00","twitter_card":"summary_large_image","schema":{"@context":"https:\/\/schema.org","@graph":[{"@type":"WebPage","@id":"https:\/\/bluebird-music.com\/de\/country-music-konzert-offerte-anfrage\/","url":"https:\/\/bluebird-music.com\/de\/country-music-konzert-offerte-anfrage\/","name":"Country Music Konzert Offerte Anfrage - Groupe de musique country Bluebird Country Music Band","isPartOf":{"@id":"https:\/\/bluebird-music.com\/de\/#website"},"datePublished":"2018-08-29T20:35:35+00:00","dateModified":"2024-03-12T07:38:22+00:00","breadcrumb":{"@id":"https:\/\/bluebird-music.com\/de\/country-music-konzert-offerte-anfrage\/#breadcrumb"},"inLanguage":"de","potentialAction":[{"@type":"ReadAction","target":["https:\/\/bluebird-music.com\/de\/country-music-konzert-offerte-anfrage\/"]}]},{"@type":"BreadcrumbList","@id":"https:\/\/bluebird-music.com\/de\/country-music-konzert-offerte-anfrage\/#breadcrumb","itemListElement":[{"@type":"ListItem","position":1,"name":"Accueil","item":"https:\/\/bluebird-music.com\/de\/"},{"@type":"ListItem","position":2,"name":"Country Music Konzert Offerte Anfrage"}]},{"@type":"WebSite","@id":"https:\/\/bluebird-music.com\/de\/#website","url":"https:\/\/bluebird-music.com\/de\/","name":"Groupe de musique country Claudia & Bluebird Country Music Band","description":"La musique Country pour vos \u00e9v\u00e9nements festifs","publisher":{"@id":"https:\/\/bluebird-music.com\/de\/#organization"},"potentialAction":[{"@type":"SearchAction","target":{"@type":"EntryPoint","urlTemplate":"https:\/\/bluebird-music.com\/de\/?s={search_term_string}"},"query-input":{"@type":"PropertyValueSpecification","valueRequired":true,"valueName":"search_term_string"}}],"inLanguage":"de"},{"@type":"Organization","@id":"https:\/\/bluebird-music.com\/de\/#organization","name":"Groupe de musique country Bluebird Country Music Band","url":"https:\/\/bluebird-music.com\/de\/","logo":{"@type":"ImageObject","inLanguage":"de","@id":"https:\/\/bluebird-music.com\/de\/#\/schema\/logo\/image\/","url":"https:\/\/bluebird-music.com\/wp-content\/uploads\/2017\/08\/cropped-Bluebird_logo_web.jpg","contentUrl":"https:\/\/bluebird-music.com\/wp-content\/uploads\/2017\/08\/cropped-Bluebird_logo_web.jpg","width":512,"height":512,"caption":"Groupe de musique country Bluebird Country Music Band"},"image":{"@id":"https:\/\/bluebird-music.com\/de\/#\/schema\/logo\/image\/"},"sameAs":["https:\/\/www.facebook.com\/bluebirdcountrymusicband\/"]}]}},"_links":{"self":[{"href":"https:\/\/bluebird-music.com\/de\/wp-json\/wp\/v2\/pages\/793","targetHints":{"allow":["GET"]}}],"collection":[{"href":"https:\/\/bluebird-music.com\/de\/wp-json\/wp\/v2\/pages"}],"about":[{"href":"https:\/\/bluebird-music.com\/de\/wp-json\/wp\/v2\/types\/page"}],"author":[{"embeddable":true,"href":"https:\/\/bluebird-music.com\/de\/wp-json\/wp\/v2\/users\/1"}],"replies":[{"embeddable":true,"href":"https:\/\/bluebird-music.com\/de\/wp-json\/wp\/v2\/comments?post=793"}],"version-history":[{"count":0,"href":"https:\/\/bluebird-music.com\/de\/wp-json\/wp\/v2\/pages\/793\/revisions"}],"wp:attachment":[{"href":"https:\/\/bluebird-music.com\/de\/wp-json\/wp\/v2\/media?parent=793"}],"curies":[{"name":"wp","href":"https:\/\/api.w.org\/{rel}","templated":true}]}}