{"id":1919,"date":"2024-02-03T15:32:17","date_gmt":"2024-02-03T14:32:17","guid":{"rendered":"https:\/\/bluebird-music.com\/?page_id=1919"},"modified":"2024-05-31T15:26:52","modified_gmt":"2024-05-31T13:26:52","slug":"our-concerts-of-country-music","status":"publish","type":"page","link":"https:\/\/bluebird-music.com\/en\/our-concerts-of-country-music\/","title":{"rendered":"Our Concerts of Country Music"},"content":{"rendered":"<h5>Only public concerts are listed on this page. Private concerts are not listed for confidentiality reasons&#8230;<\/h5>\n<h2>Concerts of country music 2024<\/h2>\n<p>Saturday August 10, Pal\u00e9zieux, concours hippique<\/p>\n<p>Thursday August 1, Camping VD8<\/p>\n<p>Saturday Jully 13, Chancy Country Festival<\/p>\n<p>Saturday June 22, B\u00fcrenberg Sommerfest<\/p>\n<p>Saturday May 18, Th\u00e9\u00e2tre de Javelles, 1415 D\u00e9moret,Souper-Concert<\/p>\n<h2>Concerts of country music 2023<\/h2>\n<p>Lundi 31 Juillet, Camping VD8 , Cheseaux-Nor\u00e9az&nbsp;<\/p>\n<p>Samedi 22 juillet, Festival Country Chancy<\/p>\n<p><span><img decoding=\"async\" alt=\"FFestival Country Chancy\" data-id=\"1780\" width=\"402\" data-init-width=\"509\" height=\"569\" data-init-height=\"720\" title=\"Chancy 2023\" loading=\"lazy\" src=\"https:\/\/bluebird-music.com\/wp-content\/uploads\/2023\/06\/Chancy-2023.jpeg\" data-width=\"402\" data-height=\"569\" style=\"aspect-ratio: auto 509 \/ 720;\"><\/span><\/p>\n<p>17 juin \u00e0 17h, F\u00eate de la musique, Chavornay, en petite formation, Chanteuse, une basse et deux guitares<\/p>\n<h2>Concerts de country music 2022<\/h2>\n<p>26 novembre: Salle Polyvalente de Pailly, Souper-Concert<\/p>\n<p><a href=\"https:\/\/bluebird-music.com\/souper-concert-a-pailly-le-26-novembre-2022\/\" target=\"_blank\" rel=\"noopener\">Vous pouvez r\u00e9server vos places ici &gt;&gt;&gt;<\/a><\/p>\n<p><span><a href=\"https:\/\/bluebird-music.com\/souper-concert-a-pailly-le-26-novembre-2022\/\" target=\"_blank\" rel=\"noopener\"><img decoding=\"async\" alt=\"souper concert Blubird country music band, 26 novembre 232022\" data-id=\"1737\" width=\"403\" data-init-width=\"1817\" height=\"567\" data-init-height=\"2560\" title=\"affiche A2\" loading=\"lazy\" src=\"https:\/\/bluebird-music.com\/wp-content\/uploads\/2022\/10\/affiche-A2--scaled.jpg\" data-width=\"403\" data-height=\"567\" style=\"aspect-ratio: auto 1817 \/ 2560;\" data-link-wrap=\"true\"><\/a><\/span><\/p>\n<p>14 juillet: Plage du Camping VD8 Yvonand d\u00e8s 19h<\/p>\n<p>1.juillet quais de Lutry<\/p>\n<p>Vendredi 24 juin, Live Concert \u00e0 <a href=\"https:\/\/l.facebook.com\/l.php?u=http%3A%2F%2Fwww.the-heaven.ch%2F%3Ffbclid%3DIwAR1rfwP2cfpmtvjsGnThSoLU_X0rLJyHJBQ1EMMB31a719R16xh9MnXz9qI&amp;h=AT2O_bLbR36jt5vnwjZhdcLyhGmc2YmNQtfSwsedNqjnuKEnM_TXuSTCjVp_aqQ9DATX4JAYhRX-h7QBED0dK-dfTQ726QYVP16UJ22fNvD8bHeEUJwBjm8URIkhIoJkn7fNsXGYkSk\" style=\"outline: none;\" target=\"_blank\" rel=\"noopener\">Heaven&#8217;s Pub<\/a> Balterswil-Bichwil<\/p>\n<p><span><img decoding=\"async\" alt=\"concert de country music heaven's club\" data-id=\"1702\" width=\"344\" data-init-width=\"1600\" height=\"344\" data-init-height=\"1600\" title=\"heaven-music-club\" loading=\"lazy\" src=\"https:\/\/bluebird-music.com\/wp-content\/uploads\/2022\/06\/WhatsApp-Image-2022-06-14-at-17.41.17.jpeg\" data-width=\"344\" data-height=\"344\" style=\"aspect-ratio: auto 1600 \/ 1600;\"><\/span><\/p>\n<p>Samedi 30 avril Souper Concert \u00e0 la grande salle du Grand Battoir, Belmont sur Yverdon d\u00e8s 19h.&nbsp;<\/p>\n<p style=\"\"><a href=\"https:\/\/bluebird-music.com\/reservez-vos-places-concert-de-country-music-30-avril-2022\/\" target=\"_blank\" rel=\"nofollow noopener\" style=\"outline: none;\">R\u00e9servez vos places ici &gt;<\/a><\/p>\n<p><span><img decoding=\"async\" alt=\"s 30 avril bluebird Country Music Bandouper-concert\" data-id=\"1661\" width=\"403\" data-init-width=\"419\" height=\"572\" data-init-height=\"595\" title=\"affiche 30 avril\" loading=\"lazy\" src=\"https:\/\/bluebird-music.com\/wp-content\/uploads\/2022\/03\/affiche-30-avril.jpg\" data-width=\"403\" data-height=\"572\" style=\"aspect-ratio: auto 419 \/ 595;\"><\/span><\/p>\n<p>Vendredi 8 avril, soir\u00e9e country <a href=\"https:\/\/basebarlausanne.ch\/evenements\/\" target=\"_blank\" rel=\"nofollow noopener\" style=\"outline: none;\">BaseBar Lausanne.<\/a>&nbsp;<\/p>\n<p>Concert report\u00e9 pour cause d&#8217;accident&#8230;<\/p>\n<p style=\"\">\n<p><span><img decoding=\"async\" alt=\"concert de country music au Base bar\" data-id=\"1669\" width=\"403\" data-init-width=\"595\" height=\"569\" data-init-height=\"841\" title=\"2022.04.08 Country flyer (002)[2]\" loading=\"lazy\" src=\"https:\/\/bluebird-music.com\/wp-content\/uploads\/2022\/03\/2022.04.08-Country-flyer-0022.jpg\" data-width=\"403\" data-height=\"569\" style=\"aspect-ratio: auto 595 \/ 841;\"><\/span><\/p>\n<h2>Concerts de country music 2021<\/h2>\n<p>Vendredi 5 novembre , <a href=\"https:\/\/basebarlausanne.ch\/evenements\/\" target=\"_blank\" style=\"outline: none;\" rel=\"noopener\">Base-Bar \u2013 souper\/concert<\/a><\/p>\n<p><span><img decoding=\"async\" alt=\"concerts de musique country\" data-id=\"1619\" width=\"403\" data-init-width=\"595\" height=\"569\" data-init-height=\"841\" title=\"Web soire\u0301e country\" loading=\"lazy\" src=\"https:\/\/bluebird-music.com\/wp-content\/uploads\/2021\/10\/Web-soire\u0301e-country.jpg\" data-width=\"403\" data-height=\"569\" style=\"aspect-ratio: auto 595 \/ 841;\"><\/span><\/p>\n<p>Dimance 26 septembre , Lausanne-Ouchy, 20km de Lausanne<\/p>\n<p>Jeudi 22 juillet, San Francisco Beach, Camping VD8, Cheseaux-Nor\u00e9az<\/p>\n<p><span><img decoding=\"async\" alt=\"Councert de musique country camping VD8\" data-id=\"1570\" width=\"343\" data-init-width=\"595\" height=\"486\" data-init-height=\"841\" title=\"Affiche VD8V3\" loading=\"lazy\" src=\"https:\/\/bluebird-music.com\/wp-content\/uploads\/2021\/06\/Affiche-VD8V3.jpg\" data-width=\"343\" data-height=\"486\" style=\"aspect-ratio: auto 595 \/ 841;\"><\/span><\/p>\n<p>Samedi &nbsp;10 juillet, Mont Girod, F\u00eate des Sangliers<\/p>\n<p>Samedi 3 Juillet Live Concert \u00e0 Hotel Park Arbon<\/p>\n<p><span><img decoding=\"async\" alt=\"concert de musique country Hotel Park Arbon\" data-id=\"1573\" width=\"343\" data-init-width=\"595\" height=\"486\" data-init-height=\"841\" title=\"Plakat Hotel Park 03.07.21_2 (002)\" loading=\"lazy\" src=\"https:\/\/bluebird-music.com\/wp-content\/uploads\/2021\/06\/Plakat-Hotel-Park-03.07.21_2-002.jpg\" data-width=\"343\" data-height=\"486\" style=\"aspect-ratio: auto 595 \/ 841;\"><\/span><\/p>\n<p>Vendredi 2 juillet, Live Concert \u00e0 <a href=\"https:\/\/l.facebook.com\/l.php?u=http%3A%2F%2Fwww.the-heaven.ch%2F%3Ffbclid%3DIwAR1rfwP2cfpmtvjsGnThSoLU_X0rLJyHJBQ1EMMB31a719R16xh9MnXz9qI&amp;h=AT2O_bLbR36jt5vnwjZhdcLyhGmc2YmNQtfSwsedNqjnuKEnM_TXuSTCjVp_aqQ9DATX4JAYhRX-h7QBED0dK-dfTQ726QYVP16UJ22fNvD8bHeEUJwBjm8URIkhIoJkn7fNsXGYkSk\" style=\"outline: none;\" target=\"_blank\" rel=\"noopener\">Heaven Music Club<\/a> Balterswil-Bichwil<\/p>\n<p>Jeudi 1 juillet, &nbsp;Lutry \u00ab Musiques sur les quais \u00bb<\/p>\n<p>Samedi 10 avril, \u00e9mission le <a href=\"https:\/\/www.rts.ch\/play\/radio\/le-kiosque-a-musiques\/audio\/carte-blanche-a-jean-pierre-chevailler-musique-country-et-populaire?id=12078623&amp;expandDescription=true\" target=\"_blank\" style=\"outline: none;\" rel=\"noopener\">Kiosque \u00e0 Musiques<\/a> avec Jean Marc Richard<\/p>\n<p>Vendredi 5 f\u00e9vrier, Live Concert \u00e0 Balterswill<\/p>\n<\/p>\n<h2>Concerts de country music 2020<\/h2>\n<p>Samedi 26 septembre \u00e9mission le <a href=\"https:\/\/www.rts.ch\/play\/radio\/emission\/le-kiosque-a-musiques?id=1423868\" target=\"_blank\" style=\"outline: none;\" rel=\"noopener\">Kiosque \u00e0 musiques<\/a> avec Jean-Marc Richard, Crissier VD \u00e0 11h.<\/p>\n<p>Lundi 21 septembre, soir\u00e9e priv\u00e9e<\/p>\n<p><strong>Samedi 7 mars<\/strong>: Savi\u00e8se\/VS Halle des f\u00eates, 19h00<\/p>\n<p><strong>Samedi 24 avril:<\/strong> Belmont sur Yverdon, Grande salle du Battoir, 19h00<\/p>\n<p style=\"\">Report\u00e9 \u00e0 une date ult\u00e9rieure<\/p>\n<p><strong>Vendredi 1er mai:<\/strong> Amriswil\/TG, Pentorama 19h00<\/p>\n<p style=\"\">Annul\u00e9 \u00e0 cause du COV19<\/p>\n<p><strong>Dimanche 31 mai:<\/strong> Nyon\/VD Place du Maronnier, 11h-14h<\/p>\n<p style=\"\">Annul\u00e9 \u00e0 cause du COV19<\/p>\n<p><strong>Vendredi 17 Juillet:<\/strong> Chancy\/GE Country Festival, 20h-22h<\/p>\n<p style=\"\">Annul\u00e9 \u00e0 cause du COV19<\/p>\n<h3>Liste des concerts de country music 2019<\/h3>\n<p><strong>Jeudi 1er ao\u00fbt,<\/strong> Restaurant de la Menthue ( Camping) Yvonand d\u00e8s 18h.<\/p>\n<p>Mardi 23 Juillet Camping VD8, entre Yverdon et Yvonand<\/p>\n<p><strong>Samedi 13 Juillet<\/strong> , <a href=\"https:\/\/bluebird-music.com\/country-dans-les-paturages-mont-girod\/\" target=\"_blank\" style=\"outline: currentcolor none medium;\" rel=\"noopener\">Mont Girod <\/a>(JU-BE).&nbsp;<\/p>\n<p><strong>Vendredi 12 Juillet<\/strong><a href=\"https:\/\/www.festivalcountrychancy.ch\/\" target=\"_blank\" rel=\"noopener\">Festival de Country Music , Chancy<\/a> (GE) d\u00e8s 20h.<\/p>\n<p><span style=\"width: 100%;\"><img loading=\"lazy\" decoding=\"async\" alt=\"\" title=\"chancy2019\" data-id=\"994\" src=\"https:\/\/bluebird-music.com\/wp-content\/uploads\/2019\/06\/chancy2019.jpg\" style=\"\" width=\"2896\" height=\"1448\"><\/span><\/p>\n<p><strong>Samedi 22 Juin<\/strong>, <a href=\"https:\/\/bluebird-music.com\/festival-de-country-destiny-ecublens-2019\/\" target=\"_blank\" rel=\"noopener\">Festival Destigny Ecublens<\/a> (VD) d\u00e8s 20h.<\/p>\n<p><strong>Vendredi 21 Juin,<\/strong> Marly ( FR), <a href=\"https:\/\/bluebird-music.com\/marly-folies-21-juin-2019\/\" target=\"_blank\" rel=\"noopener\">Marly folies<\/a> d\u00e8s 19h.<\/p>\n<p><strong>27 avril 2019<\/strong>, <a href=\"https:\/\/bluebird-music.com\/chanteur-de-country-americain-a-belmont-yverdon\/\" target=\"_blank\" rel=\"noopener\">Belmont sur Yverdon<\/a> , avec David Waddel<\/p>\n<p>Voici la liste des concerts de country music 2018 de Bluebird Country Music Band.Les informations plus d\u00e9taill\u00e9es seront publi\u00e9es sur notre Blog<\/p>\n<p><strong>30 novembre 2018<\/strong>: Soir\u00e9e d&#8217;entreprise sous le th\u00e8me Country<\/p>\n<p><strong>16 novembre 2018<\/strong>: Concert de country music pour le souper de soutien du <a href=\"https:\/\/fcyvonand.ch\/evenement\/souper-de-soutien-2018\/\" target=\"_blank\" rel=\"noopener\">FC Yvonnand<\/a><\/p>\n<p>12 Octobre 2018: Musique country pour un anniversaire \u00e0 Essertine sur Rolle<\/p>\n<p><strong>28 septembre 2018<\/strong>: Concert de country music , soir\u00e9e d&#8217;entreprise au Grand Hotel &amp; Centre Thermal, Avenue des Bains 22, 1400 Yverdon-les-Bains.<\/p>\n<p><strong>11 ao\u00fbt 2018<\/strong>: Soir\u00e9e de musique country priv\u00e9e pour un anniversaire<\/p>\n<p><strong>03 ao\u00fbt 2018<\/strong>: Soir\u00e9e country music publique au <a href=\"https:\/\/www.camping-yvonand.ch\/restauration\/\" rel=\"nofollow noopener\" target=\"_blank\">camping de la Menthue<\/a> \u00e0 Yvonnand<\/p>\n<p><strong>21 Juillet 2018<\/strong> : Restaurant des Gr\u00e8ves, <a href=\"http:\/\/www.campings-ccyverdon.ch\/vd8-presentation\/\" rel=\"nofollow noopener\" target=\"_blank\">Camping VD8<\/a>, Cheseaux -Nor\u00e9az, Musique sur la plage, buvette et ambiance country<\/p>\n<\/p>\n<p><strong>13 juillet 2018<\/strong> Festival country de Chancy, <a href=\"https:\/\/bluebird-music.com\/festival-country-chancy-2018\/\" target=\"_blank\" rel=\"noopener\">Cliquez pour plus d&#8217;informations.<\/a><\/p>\n<p><span style=\"width: 100%;\"><a href=\"https:\/\/bluebird-music.com\/festival-country-chancy-2018\/\"><img loading=\"lazy\" decoding=\"async\" alt=\"Country Music Festival Chancy\" title=\"countryfestival-chancy2018\" data-id=\"566\" src=\"\/\/bluebird-music.com\/wp-content\/uploads\/2018\/05\/31655460_10214771410870745_4564572640961888256_n.jpg\" style=\"\" width=\"960\" height=\"640\"><\/a><\/span><\/p>\n<p><strong>15 juin 2018<\/strong> Concert Country, Soir\u00e9e d&#8217;entreprise<\/p>\n<p><strong>14 Juin 2018<\/strong> F\u00eate d&#8217;entreprise<\/p>\n<p><strong>26 mai 2018<\/strong> Country Nights au Caf\u00e9 des Mines d&#8221;Asphalte, Site de la Presta2105 Travers (NE)<a href=\"https:\/\/bluebird-music.com\/soiree-country-cafe-mines-dasphalte\/\">Cliquez pour plus d&#8217;informations<\/a><\/p>\n<p><strong>14 Avril 2018 <\/strong>Soir\u00e9e Country Music au Battoir, 1432 Belmont sur Yverdon. &nbsp;<\/p>\n","protected":false},"excerpt":{"rendered":"<p>Only public concerts are listed on this page. Private concerts are not listed for confidentiality reasons&#8230; Concerts of country music 2024 Saturday August 10, Pal\u00e9zieux, concours hippique Thursday August 1, Camping VD8 Saturday Jully 13, Chancy Country Festival Saturday June 22, B\u00fcrenberg Sommerfest Saturday May 18, Th\u00e9\u00e2tre de Javelles, 1415 D\u00e9moret,Souper-Concert Concerts of country music [&hellip;]<\/p>\n","protected":false},"author":1,"featured_media":0,"parent":0,"menu_order":0,"comment_status":"closed","ping_status":"closed","template":"","meta":{"footnotes":""},"class_list":["post-1919","page","type-page","status-publish","hentry"],"yoast_head":"<!-- This site is optimized with the Yoast SEO plugin v27.5 - https:\/\/yoast.com\/product\/yoast-seo-wordpress\/ -->\n<title>Our Concerts of Country Music - Claudia &amp; Bluebird Country Music Band<\/title>\n<meta name=\"description\" content=\"Please refer tou our page to see what&#039;s coming up, and come to join us to our next concerts of country music\" \/>\n<meta name=\"robots\" content=\"index, follow, max-snippet:-1, max-image-preview:large, max-video-preview:-1\" \/>\n<link rel=\"canonical\" href=\"https:\/\/bluebird-music.com\/en\/our-concerts-of-country-music\/\" \/>\n<meta property=\"og:locale\" content=\"en_US\" \/>\n<meta property=\"og:type\" content=\"article\" \/>\n<meta property=\"og:title\" content=\"Our Concerts of Country Music - Claudia &amp; Bluebird Country Music Band\" \/>\n<meta property=\"og:description\" content=\"Please refer tou our page to see what&#039;s coming up, and come to join us to our next concerts of country music\" \/>\n<meta property=\"og:url\" content=\"https:\/\/bluebird-music.com\/en\/our-concerts-of-country-music\/\" \/>\n<meta property=\"og:site_name\" content=\"Groupe de musique country Bluebird Country Music Band\" \/>\n<meta property=\"article:publisher\" content=\"https:\/\/www.facebook.com\/bluebirdcountrymusicband\/\" \/>\n<meta property=\"article:modified_time\" content=\"2024-05-31T13:26:52+00:00\" \/>\n<meta property=\"og:image\" content=\"https:\/\/bluebird-music.com\/wp-content\/uploads\/2023\/06\/Chancy-2023.jpeg\" \/>\n<meta name=\"twitter:card\" content=\"summary_large_image\" \/>\n<meta name=\"twitter:label1\" content=\"Est. reading time\" \/>\n\t<meta name=\"twitter:data1\" content=\"5 minutes\" \/>\n<script type=\"application\/ld+json\" class=\"yoast-schema-graph\">{\"@context\":\"https:\\\/\\\/schema.org\",\"@graph\":[{\"@type\":\"WebPage\",\"@id\":\"https:\\\/\\\/bluebird-music.com\\\/en\\\/our-concerts-of-country-music\\\/\",\"url\":\"https:\\\/\\\/bluebird-music.com\\\/en\\\/our-concerts-of-country-music\\\/\",\"name\":\"Our Concerts of Country Music - Claudia & Bluebird Country Music Band\",\"isPartOf\":{\"@id\":\"https:\\\/\\\/bluebird-music.com\\\/en\\\/#website\"},\"primaryImageOfPage\":{\"@id\":\"https:\\\/\\\/bluebird-music.com\\\/en\\\/our-concerts-of-country-music\\\/#primaryimage\"},\"image\":{\"@id\":\"https:\\\/\\\/bluebird-music.com\\\/en\\\/our-concerts-of-country-music\\\/#primaryimage\"},\"thumbnailUrl\":\"https:\\\/\\\/bluebird-music.com\\\/wp-content\\\/uploads\\\/2023\\\/06\\\/Chancy-2023.jpeg\",\"datePublished\":\"2024-02-03T14:32:17+00:00\",\"dateModified\":\"2024-05-31T13:26:52+00:00\",\"description\":\"Please refer tou our page to see what's coming up, and come to join us to our next concerts of country music\",\"breadcrumb\":{\"@id\":\"https:\\\/\\\/bluebird-music.com\\\/en\\\/our-concerts-of-country-music\\\/#breadcrumb\"},\"inLanguage\":\"en-US\",\"potentialAction\":[{\"@type\":\"ReadAction\",\"target\":[\"https:\\\/\\\/bluebird-music.com\\\/en\\\/our-concerts-of-country-music\\\/\"]}]},{\"@type\":\"ImageObject\",\"inLanguage\":\"en-US\",\"@id\":\"https:\\\/\\\/bluebird-music.com\\\/en\\\/our-concerts-of-country-music\\\/#primaryimage\",\"url\":\"https:\\\/\\\/bluebird-music.com\\\/wp-content\\\/uploads\\\/2023\\\/06\\\/Chancy-2023.jpeg\",\"contentUrl\":\"https:\\\/\\\/bluebird-music.com\\\/wp-content\\\/uploads\\\/2023\\\/06\\\/Chancy-2023.jpeg\"},{\"@type\":\"BreadcrumbList\",\"@id\":\"https:\\\/\\\/bluebird-music.com\\\/en\\\/our-concerts-of-country-music\\\/#breadcrumb\",\"itemListElement\":[{\"@type\":\"ListItem\",\"position\":1,\"name\":\"Accueil\",\"item\":\"https:\\\/\\\/bluebird-music.com\\\/en\\\/\"},{\"@type\":\"ListItem\",\"position\":2,\"name\":\"Our Concerts of Country Music\"}]},{\"@type\":\"WebSite\",\"@id\":\"https:\\\/\\\/bluebird-music.com\\\/en\\\/#website\",\"url\":\"https:\\\/\\\/bluebird-music.com\\\/en\\\/\",\"name\":\"Groupe de musique country Claudia & Bluebird Country Music Band\",\"description\":\"La musique Country pour vos \u00e9v\u00e9nements festifs\",\"publisher\":{\"@id\":\"https:\\\/\\\/bluebird-music.com\\\/en\\\/#organization\"},\"potentialAction\":[{\"@type\":\"SearchAction\",\"target\":{\"@type\":\"EntryPoint\",\"urlTemplate\":\"https:\\\/\\\/bluebird-music.com\\\/en\\\/?s={search_term_string}\"},\"query-input\":{\"@type\":\"PropertyValueSpecification\",\"valueRequired\":true,\"valueName\":\"search_term_string\"}}],\"inLanguage\":\"en-US\"},{\"@type\":\"Organization\",\"@id\":\"https:\\\/\\\/bluebird-music.com\\\/en\\\/#organization\",\"name\":\"Groupe de musique country Bluebird Country Music Band\",\"url\":\"https:\\\/\\\/bluebird-music.com\\\/en\\\/\",\"logo\":{\"@type\":\"ImageObject\",\"inLanguage\":\"en-US\",\"@id\":\"https:\\\/\\\/bluebird-music.com\\\/en\\\/#\\\/schema\\\/logo\\\/image\\\/\",\"url\":\"https:\\\/\\\/bluebird-music.com\\\/wp-content\\\/uploads\\\/2017\\\/08\\\/cropped-Bluebird_logo_web.jpg\",\"contentUrl\":\"https:\\\/\\\/bluebird-music.com\\\/wp-content\\\/uploads\\\/2017\\\/08\\\/cropped-Bluebird_logo_web.jpg\",\"width\":512,\"height\":512,\"caption\":\"Groupe de musique country Bluebird Country Music Band\"},\"image\":{\"@id\":\"https:\\\/\\\/bluebird-music.com\\\/en\\\/#\\\/schema\\\/logo\\\/image\\\/\"},\"sameAs\":[\"https:\\\/\\\/www.facebook.com\\\/bluebirdcountrymusicband\\\/\"]}]}<\/script>\n<!-- \/ Yoast SEO plugin. -->","yoast_head_json":{"title":"Our Concerts of Country Music - Claudia & Bluebird Country Music Band","description":"Please refer tou our page to see what's coming up, and come to join us to our next concerts of country music","robots":{"index":"index","follow":"follow","max-snippet":"max-snippet:-1","max-image-preview":"max-image-preview:large","max-video-preview":"max-video-preview:-1"},"canonical":"https:\/\/bluebird-music.com\/en\/our-concerts-of-country-music\/","og_locale":"en_US","og_type":"article","og_title":"Our Concerts of Country Music - Claudia & Bluebird Country Music Band","og_description":"Please refer tou our page to see what's coming up, and come to join us to our next concerts of country music","og_url":"https:\/\/bluebird-music.com\/en\/our-concerts-of-country-music\/","og_site_name":"Groupe de musique country Bluebird Country Music Band","article_publisher":"https:\/\/www.facebook.com\/bluebirdcountrymusicband\/","article_modified_time":"2024-05-31T13:26:52+00:00","og_image":[{"url":"https:\/\/bluebird-music.com\/wp-content\/uploads\/2023\/06\/Chancy-2023.jpeg","type":"","width":"","height":""}],"twitter_card":"summary_large_image","twitter_misc":{"Est. reading time":"5 minutes"},"schema":{"@context":"https:\/\/schema.org","@graph":[{"@type":"WebPage","@id":"https:\/\/bluebird-music.com\/en\/our-concerts-of-country-music\/","url":"https:\/\/bluebird-music.com\/en\/our-concerts-of-country-music\/","name":"Our Concerts of Country Music - Claudia & Bluebird Country Music Band","isPartOf":{"@id":"https:\/\/bluebird-music.com\/en\/#website"},"primaryImageOfPage":{"@id":"https:\/\/bluebird-music.com\/en\/our-concerts-of-country-music\/#primaryimage"},"image":{"@id":"https:\/\/bluebird-music.com\/en\/our-concerts-of-country-music\/#primaryimage"},"thumbnailUrl":"https:\/\/bluebird-music.com\/wp-content\/uploads\/2023\/06\/Chancy-2023.jpeg","datePublished":"2024-02-03T14:32:17+00:00","dateModified":"2024-05-31T13:26:52+00:00","description":"Please refer tou our page to see what's coming up, and come to join us to our next concerts of country music","breadcrumb":{"@id":"https:\/\/bluebird-music.com\/en\/our-concerts-of-country-music\/#breadcrumb"},"inLanguage":"en-US","potentialAction":[{"@type":"ReadAction","target":["https:\/\/bluebird-music.com\/en\/our-concerts-of-country-music\/"]}]},{"@type":"ImageObject","inLanguage":"en-US","@id":"https:\/\/bluebird-music.com\/en\/our-concerts-of-country-music\/#primaryimage","url":"https:\/\/bluebird-music.com\/wp-content\/uploads\/2023\/06\/Chancy-2023.jpeg","contentUrl":"https:\/\/bluebird-music.com\/wp-content\/uploads\/2023\/06\/Chancy-2023.jpeg"},{"@type":"BreadcrumbList","@id":"https:\/\/bluebird-music.com\/en\/our-concerts-of-country-music\/#breadcrumb","itemListElement":[{"@type":"ListItem","position":1,"name":"Accueil","item":"https:\/\/bluebird-music.com\/en\/"},{"@type":"ListItem","position":2,"name":"Our Concerts of Country Music"}]},{"@type":"WebSite","@id":"https:\/\/bluebird-music.com\/en\/#website","url":"https:\/\/bluebird-music.com\/en\/","name":"Groupe de musique country Claudia & Bluebird Country Music Band","description":"La musique Country pour vos \u00e9v\u00e9nements festifs","publisher":{"@id":"https:\/\/bluebird-music.com\/en\/#organization"},"potentialAction":[{"@type":"SearchAction","target":{"@type":"EntryPoint","urlTemplate":"https:\/\/bluebird-music.com\/en\/?s={search_term_string}"},"query-input":{"@type":"PropertyValueSpecification","valueRequired":true,"valueName":"search_term_string"}}],"inLanguage":"en-US"},{"@type":"Organization","@id":"https:\/\/bluebird-music.com\/en\/#organization","name":"Groupe de musique country Bluebird Country Music Band","url":"https:\/\/bluebird-music.com\/en\/","logo":{"@type":"ImageObject","inLanguage":"en-US","@id":"https:\/\/bluebird-music.com\/en\/#\/schema\/logo\/image\/","url":"https:\/\/bluebird-music.com\/wp-content\/uploads\/2017\/08\/cropped-Bluebird_logo_web.jpg","contentUrl":"https:\/\/bluebird-music.com\/wp-content\/uploads\/2017\/08\/cropped-Bluebird_logo_web.jpg","width":512,"height":512,"caption":"Groupe de musique country Bluebird Country Music Band"},"image":{"@id":"https:\/\/bluebird-music.com\/en\/#\/schema\/logo\/image\/"},"sameAs":["https:\/\/www.facebook.com\/bluebirdcountrymusicband\/"]}]}},"_links":{"self":[{"href":"https:\/\/bluebird-music.com\/en\/wp-json\/wp\/v2\/pages\/1919","targetHints":{"allow":["GET"]}}],"collection":[{"href":"https:\/\/bluebird-music.com\/en\/wp-json\/wp\/v2\/pages"}],"about":[{"href":"https:\/\/bluebird-music.com\/en\/wp-json\/wp\/v2\/types\/page"}],"author":[{"embeddable":true,"href":"https:\/\/bluebird-music.com\/en\/wp-json\/wp\/v2\/users\/1"}],"replies":[{"embeddable":true,"href":"https:\/\/bluebird-music.com\/en\/wp-json\/wp\/v2\/comments?post=1919"}],"version-history":[{"count":0,"href":"https:\/\/bluebird-music.com\/en\/wp-json\/wp\/v2\/pages\/1919\/revisions"}],"wp:attachment":[{"href":"https:\/\/bluebird-music.com\/en\/wp-json\/wp\/v2\/media?parent=1919"}],"curies":[{"name":"wp","href":"https:\/\/api.w.org\/{rel}","templated":true}]}}